{"id":230,"date":"2022-10-20T00:48:25","date_gmt":"2022-10-19T22:48:25","guid":{"rendered":"https:\/\/codognan-tennisclub.fr\/?page_id=230"},"modified":"2024-12-01T20:03:55","modified_gmt":"2024-12-01T18:03:55","slug":"accueil-2","status":"publish","type":"page","link":"https:\/\/codognan-tennisclub.fr\/","title":{"rendered":"Accueil"},"content":{"rendered":"\n<p class=\"has-text-align-center is-style-info has-white-background-color has-background has-medium-font-size has-custom-lineheight\" style=\"line-height:1.7;font-size:18px\">Bienvenue sur notre site, vous trouverez ici toutes les informations utiles sur la pratique du tennis \u00e0 Codognan et sur la vie de notre Club<br>Pour plus de renseignements, vous pouvez nous contacter \u00e0 cette adresse: <strong><a href=\"mailto:tennisclubcodognan@gmail.com\">tennisclubcodognan@gmail.com<\/a><\/strong> <br>Pour toutes demandes concernant les stages ou les cours collectifs et particuliers, vous pouvez contacter directement notre moniteur de Tennis dipl\u00f4m\u00e9 d&rsquo;Etat:<br><strong>Jean-Fran\u00e7ois COULY<\/strong> au <strong>06 95 25 56 60<\/strong>.<\/p>\n\n\n\n<p class=\"has-text-align-center coblocks-animate\" data-coblocks-animation=\"zoomIn\">Vous souhaitez devenir partenaire? Suivez ce <a href=\"https:\/\/codognan-tennisclub.fr\/wp-content\/uploads\/2023\/11\/DOSSIER-PARTENARIAT-CTC-2023-V6.pdf\">lien<\/a><\/p>\n\n\n\n<figure class=\"wp-block-video aligncenter\"><video autoplay controls poster=\"https:\/\/codognan-tennisclub.fr\/wp-content\/uploads\/2023\/08\/Logo-CTC-site.png\" preload=\"auto\" src=\"https:\/\/codognan-tennisclub.fr\/wp-content\/uploads\/2023\/09\/Film-pour-CTC-\u2010-Version-light.mp4\"><\/video><\/figure>\n\n\n\n<div class=\"wp-block-cover aligncenter is-light has-custom-content-position is-position-top-right is-style-bottom-wave uag-hide-mob\" style=\"min-height:643px;aspect-ratio:unset;\"><span aria-hidden=\"true\" class=\"wp-block-cover__background has-background-dim-20 has-background-dim\"><\/span><img loading=\"lazy\" decoding=\"async\" width=\"2560\" height=\"1920\" class=\"wp-block-cover__image-background wp-image-445\" alt=\"\" src=\"https:\/\/codognan-tennisclub.fr\/wp-content\/uploads\/2023\/07\/Club-1-scaled.jpeg\" data-object-fit=\"cover\" srcset=\"https:\/\/codognan-tennisclub.fr\/wp-content\/uploads\/2023\/07\/Club-1-scaled.jpeg 2560w, https:\/\/codognan-tennisclub.fr\/wp-content\/uploads\/2023\/07\/Club-1-300x225.jpeg 300w, https:\/\/codognan-tennisclub.fr\/wp-content\/uploads\/2023\/07\/Club-1-1024x768.jpeg 1024w, https:\/\/codognan-tennisclub.fr\/wp-content\/uploads\/2023\/07\/Club-1-768x576.jpeg 768w, https:\/\/codognan-tennisclub.fr\/wp-content\/uploads\/2023\/07\/Club-1-1536x1152.jpeg 1536w, https:\/\/codognan-tennisclub.fr\/wp-content\/uploads\/2023\/07\/Club-1-2048x1536.jpeg 2048w\" sizes=\"auto, (max-width: 2560px) 100vw, 2560px\" \/><div class=\"wp-block-cover__inner-container is-layout-flow wp-block-cover-is-layout-flow\">\n<p class=\"has-palette-color-8-color has-text-color has-x-large-font-size coblocks-animate has-custom-weight has-custom-transform has-custom-lineheight has-custom-letterspacing mt-0 pt-0\" data-coblocks-animation=\"zoomIn\" style=\"line-height:1.57;letter-spacing:3px;font-weight:bold;text-transform:initial;font-size:90px\"><strong>Bienvenue au CTC<\/strong><\/p>\n<\/div><\/div>\n\n\n\n<hr class=\"wp-block-coblocks-dynamic-separator is-style-wide\" style=\"height:50px\"\/>\n\n\n\n<div class=\"wp-block-columns is-layout-flex wp-container-core-columns-is-layout-1 wp-block-columns-is-layout-flex\">\n<div class=\"wp-block-column is-layout-flow wp-block-column-is-layout-flow\">\n<div class=\"wp-block-uagb-image uagb-block-d1549bbf wp-block-uagb-image--layout-default wp-block-uagb-image--effect-static wp-block-uagb-image--align-none\"><figure class=\"wp-block-uagb-image__figure\"><a class=\"\" href=\"https:\/\/www.fft.fr\" target=\"_blank\" rel=\"noreferrer noopener\"><img decoding=\"async\" srcset=\"https:\/\/codognan-tennisclub.fr\/wp-content\/uploads\/2022\/10\/logo-de-la-fft.png ,https:\/\/codognan-tennisclub.fr\/wp-content\/uploads\/2022\/10\/logo-de-la-fft.png 780w, https:\/\/codognan-tennisclub.fr\/wp-content\/uploads\/2022\/10\/logo-de-la-fft.png 360w\" sizes=\"auto, (max-width: 480px) 150px\" src=\"https:\/\/codognan-tennisclub.fr\/wp-content\/uploads\/2022\/10\/logo-de-la-fft.png\" alt=\"\" class=\"uag-image-175\" width=\"135\" height=\"198\" title=\"\" loading=\"lazy\"\/><\/a><\/figure><\/div>\n<\/div>\n\n\n\n<div class=\"wp-block-column is-layout-flow wp-block-column-is-layout-flow\">\n<div class=\"wp-block-uagb-image uagb-block-ed7a2582 wp-block-uagb-image--layout-default wp-block-uagb-image--effect-static wp-block-uagb-image--align-none\"><figure class=\"wp-block-uagb-image__figure\"><a class=\"\" href=\"https:\/\/www.comitetennisgard.fr\" target=\"_blank\" rel=\"noreferrer noopener\"><img decoding=\"async\" srcset=\"https:\/\/codognan-tennisclub.fr\/wp-content\/uploads\/2023\/12\/0efc15_13827ee8a69d411c9de50b91059d6bbfmv2.jpg ,https:\/\/codognan-tennisclub.fr\/wp-content\/uploads\/2023\/12\/0efc15_13827ee8a69d411c9de50b91059d6bbfmv2.jpg 780w, https:\/\/codognan-tennisclub.fr\/wp-content\/uploads\/2023\/12\/0efc15_13827ee8a69d411c9de50b91059d6bbfmv2.jpg 360w\" sizes=\"auto, (max-width: 480px) 150px\" src=\"https:\/\/codognan-tennisclub.fr\/wp-content\/uploads\/2023\/12\/0efc15_13827ee8a69d411c9de50b91059d6bbfmv2.jpg\" alt=\"\" class=\"uag-image-1153\" width=\"278\" height=\"136\" title=\"\" loading=\"lazy\"\/><\/a><\/figure><\/div>\n<\/div>\n\n\n\n<div class=\"wp-block-column is-layout-flow wp-block-column-is-layout-flow\">\n<div class=\"wp-block-uagb-image uagb-block-eaa2a9f8 wp-block-uagb-image--layout-default wp-block-uagb-image--effect-static wp-block-uagb-image--align-none\"><figure class=\"wp-block-uagb-image__figure\"><a class=\"\" href=\"https:\/\/ligue.fft.fr\/occitanie\/occitanie_a\/cms\/index_public.php?PHPSESSID=b3a5ce6061f1d94e417dfc2ace6852b5&amp;us_action=show_note_site&amp;ui_id_site=1\" target=\"_blank\" rel=\"noreferrer noopener\"><img decoding=\"async\" srcset=\"https:\/\/codognan-tennisclub.fr\/wp-content\/uploads\/2023\/12\/logoligueoccitanie350.png ,https:\/\/codognan-tennisclub.fr\/wp-content\/uploads\/2023\/12\/logoligueoccitanie350.png 780w, https:\/\/codognan-tennisclub.fr\/wp-content\/uploads\/2023\/12\/logoligueoccitanie350.png 360w\" sizes=\"auto, (max-width: 480px) 150px\" src=\"https:\/\/codognan-tennisclub.fr\/wp-content\/uploads\/2023\/12\/logoligueoccitanie350.png\" alt=\"\" class=\"uag-image-1154\" width=\"350\" height=\"138\" title=\"\" loading=\"lazy\"\/><\/a><\/figure><\/div>\n<\/div>\n<\/div>\n","protected":false},"excerpt":{"rendered":"<p>Bienvenue sur notre site, vous trouverez ici toutes les informations utiles sur la pratique du tennis \u00e0 Codognan et sur la vie de notre ClubPour plus de renseignements, vous pouvez nous contacter \u00e0 cette adresse: tennisclubcodognan@gmail.com Pour toutes demandes concernant les stages ou les cours collectifs et particuliers, vous pouvez contacter directement notre moniteur de [&hellip;]<\/p>\n","protected":false},"author":1,"featured_media":530,"parent":0,"menu_order":0,"comment_status":"closed","ping_status":"closed","template":"","meta":{"_coblocks_attr":"","_coblocks_dimensions":"","_coblocks_responsive_height":"","_coblocks_accordion_ie_support":"","_uag_custom_page_level_css":"","ub_ctt_via":"","_monsterinsights_skip_tracking":false,"_monsterinsights_sitenote_active":false,"_monsterinsights_sitenote_note":"","_monsterinsights_sitenote_category":0,"footnotes":""},"class_list":["post-230","page","type-page","status-publish","has-post-thumbnail","hentry"],"blocksy_meta":{"styles_descriptor":{"styles":{"desktop":"","tablet":"","mobile":""},"google_fonts":[],"version":6}},"featured_image_src":"https:\/\/codognan-tennisclub.fr\/wp-content\/uploads\/2023\/08\/Logo-CTC-site.png","yoast_head":"<!-- This site is optimized with the Yoast SEO plugin v24.1 - https:\/\/yoast.com\/wordpress\/plugins\/seo\/ -->\n<title>Accueil - Site du Codognan Tennis Club<\/title>\n<meta name=\"description\" content=\"Site web du Codognan Tennis Club o\u00f9 sport rime avec bonne humeur\" \/>\n<meta name=\"robots\" content=\"index, follow, max-snippet:-1, max-image-preview:large, max-video-preview:-1\" \/>\n<link rel=\"canonical\" href=\"https:\/\/codognan-tennisclub.fr\/\" \/>\n<meta property=\"og:locale\" content=\"fr_FR\" \/>\n<meta property=\"og:type\" content=\"article\" \/>\n<meta property=\"og:title\" content=\"Accueil - Site du Codognan Tennis Club\" \/>\n<meta property=\"og:description\" content=\"Site web du Codognan Tennis Club o\u00f9 sport rime avec bonne humeur\" \/>\n<meta property=\"og:url\" content=\"https:\/\/codognan-tennisclub.fr\/\" \/>\n<meta property=\"og:site_name\" content=\"Site du Codognan Tennis Club\" \/>\n<meta property=\"article:publisher\" content=\"https:\/\/www.facebook.com\/tennisclub.codognan\" \/>\n<meta property=\"article:modified_time\" content=\"2024-12-01T18:03:55+00:00\" \/>\n<meta property=\"og:image\" content=\"https:\/\/codognan-tennisclub.fr\/wp-content\/uploads\/2023\/08\/Logo-CTC-site.png\" \/>\n\t<meta property=\"og:image:width\" content=\"1200\" \/>\n\t<meta property=\"og:image:height\" content=\"675\" \/>\n\t<meta property=\"og:image:type\" content=\"image\/png\" \/>\n<meta name=\"twitter:card\" content=\"summary_large_image\" \/>\n<meta name=\"twitter:label1\" content=\"Dur\u00e9e de lecture estim\u00e9e\" \/>\n\t<meta name=\"twitter:data1\" content=\"2 minutes\" \/>\n<script type=\"application\/ld+json\" class=\"yoast-schema-graph\">{\"@context\":\"https:\/\/schema.org\",\"@graph\":[{\"@type\":\"WebPage\",\"@id\":\"https:\/\/codognan-tennisclub.fr\/\",\"url\":\"https:\/\/codognan-tennisclub.fr\/\",\"name\":\"Accueil - Site du Codognan Tennis Club\",\"isPartOf\":{\"@id\":\"https:\/\/codognan-tennisclub.fr\/#website\"},\"primaryImageOfPage\":{\"@id\":\"https:\/\/codognan-tennisclub.fr\/#primaryimage\"},\"image\":{\"@id\":\"https:\/\/codognan-tennisclub.fr\/#primaryimage\"},\"thumbnailUrl\":\"https:\/\/codognan-tennisclub.fr\/wp-content\/uploads\/2023\/08\/Logo-CTC-site.png\",\"datePublished\":\"2022-10-19T22:48:25+00:00\",\"dateModified\":\"2024-12-01T18:03:55+00:00\",\"description\":\"Site web du Codognan Tennis Club o\u00f9 sport rime avec bonne humeur\",\"breadcrumb\":{\"@id\":\"https:\/\/codognan-tennisclub.fr\/#breadcrumb\"},\"inLanguage\":\"fr-FR\",\"potentialAction\":[{\"@type\":\"ReadAction\",\"target\":[\"https:\/\/codognan-tennisclub.fr\/\"]}]},{\"@type\":\"ImageObject\",\"inLanguage\":\"fr-FR\",\"@id\":\"https:\/\/codognan-tennisclub.fr\/#primaryimage\",\"url\":\"https:\/\/codognan-tennisclub.fr\/wp-content\/uploads\/2023\/08\/Logo-CTC-site.png\",\"contentUrl\":\"https:\/\/codognan-tennisclub.fr\/wp-content\/uploads\/2023\/08\/Logo-CTC-site.png\",\"width\":1200,\"height\":675},{\"@type\":\"BreadcrumbList\",\"@id\":\"https:\/\/codognan-tennisclub.fr\/#breadcrumb\",\"itemListElement\":[{\"@type\":\"ListItem\",\"position\":1,\"name\":\"Accueil\",\"item\":\"https:\/\/codognan-tennisclub.fr\/\"},{\"@type\":\"ListItem\",\"position\":2,\"name\":\"Accueil\"}]},{\"@type\":\"WebSite\",\"@id\":\"https:\/\/codognan-tennisclub.fr\/#website\",\"url\":\"https:\/\/codognan-tennisclub.fr\/\",\"name\":\"Site du Codognan Tennis Club\",\"description\":\"\",\"publisher\":{\"@id\":\"https:\/\/codognan-tennisclub.fr\/#organization\"},\"potentialAction\":[{\"@type\":\"SearchAction\",\"target\":{\"@type\":\"EntryPoint\",\"urlTemplate\":\"https:\/\/codognan-tennisclub.fr\/?s={search_term_string}\"},\"query-input\":{\"@type\":\"PropertyValueSpecification\",\"valueRequired\":true,\"valueName\":\"search_term_string\"}}],\"inLanguage\":\"fr-FR\"},{\"@type\":\"Organization\",\"@id\":\"https:\/\/codognan-tennisclub.fr\/#organization\",\"name\":\"Codognan Tennis Club\",\"url\":\"https:\/\/codognan-tennisclub.fr\/\",\"logo\":{\"@type\":\"ImageObject\",\"inLanguage\":\"fr-FR\",\"@id\":\"https:\/\/codognan-tennisclub.fr\/#\/schema\/logo\/image\/\",\"url\":\"https:\/\/codognan-tennisclub.fr\/wp-content\/uploads\/2022\/10\/Logo2-carre.jpg\",\"contentUrl\":\"https:\/\/codognan-tennisclub.fr\/wp-content\/uploads\/2022\/10\/Logo2-carre.jpg\",\"width\":1571,\"height\":1571,\"caption\":\"Codognan Tennis Club\"},\"image\":{\"@id\":\"https:\/\/codognan-tennisclub.fr\/#\/schema\/logo\/image\/\"},\"sameAs\":[\"https:\/\/www.facebook.com\/tennisclub.codognan\",\"https:\/\/www.instagram.com\/tennisclub_codognan\/?hl=fr\"]}]}<\/script>\n<!-- \/ Yoast SEO plugin. -->","yoast_head_json":{"title":"Accueil - Site du Codognan Tennis Club","description":"Site web du Codognan Tennis Club o\u00f9 sport rime avec bonne humeur","robots":{"index":"index","follow":"follow","max-snippet":"max-snippet:-1","max-image-preview":"max-image-preview:large","max-video-preview":"max-video-preview:-1"},"canonical":"https:\/\/codognan-tennisclub.fr\/","og_locale":"fr_FR","og_type":"article","og_title":"Accueil - Site du Codognan Tennis Club","og_description":"Site web du Codognan Tennis Club o\u00f9 sport rime avec bonne humeur","og_url":"https:\/\/codognan-tennisclub.fr\/","og_site_name":"Site du Codognan Tennis Club","article_publisher":"https:\/\/www.facebook.com\/tennisclub.codognan","article_modified_time":"2024-12-01T18:03:55+00:00","og_image":[{"width":1200,"height":675,"url":"https:\/\/codognan-tennisclub.fr\/wp-content\/uploads\/2023\/08\/Logo-CTC-site.png","type":"image\/png"}],"twitter_card":"summary_large_image","twitter_misc":{"Dur\u00e9e de lecture estim\u00e9e":"2 minutes"},"schema":{"@context":"https:\/\/schema.org","@graph":[{"@type":"WebPage","@id":"https:\/\/codognan-tennisclub.fr\/","url":"https:\/\/codognan-tennisclub.fr\/","name":"Accueil - Site du Codognan Tennis Club","isPartOf":{"@id":"https:\/\/codognan-tennisclub.fr\/#website"},"primaryImageOfPage":{"@id":"https:\/\/codognan-tennisclub.fr\/#primaryimage"},"image":{"@id":"https:\/\/codognan-tennisclub.fr\/#primaryimage"},"thumbnailUrl":"https:\/\/codognan-tennisclub.fr\/wp-content\/uploads\/2023\/08\/Logo-CTC-site.png","datePublished":"2022-10-19T22:48:25+00:00","dateModified":"2024-12-01T18:03:55+00:00","description":"Site web du Codognan Tennis Club o\u00f9 sport rime avec bonne humeur","breadcrumb":{"@id":"https:\/\/codognan-tennisclub.fr\/#breadcrumb"},"inLanguage":"fr-FR","potentialAction":[{"@type":"ReadAction","target":["https:\/\/codognan-tennisclub.fr\/"]}]},{"@type":"ImageObject","inLanguage":"fr-FR","@id":"https:\/\/codognan-tennisclub.fr\/#primaryimage","url":"https:\/\/codognan-tennisclub.fr\/wp-content\/uploads\/2023\/08\/Logo-CTC-site.png","contentUrl":"https:\/\/codognan-tennisclub.fr\/wp-content\/uploads\/2023\/08\/Logo-CTC-site.png","width":1200,"height":675},{"@type":"BreadcrumbList","@id":"https:\/\/codognan-tennisclub.fr\/#breadcrumb","itemListElement":[{"@type":"ListItem","position":1,"name":"Accueil","item":"https:\/\/codognan-tennisclub.fr\/"},{"@type":"ListItem","position":2,"name":"Accueil"}]},{"@type":"WebSite","@id":"https:\/\/codognan-tennisclub.fr\/#website","url":"https:\/\/codognan-tennisclub.fr\/","name":"Site du Codognan Tennis Club","description":"","publisher":{"@id":"https:\/\/codognan-tennisclub.fr\/#organization"},"potentialAction":[{"@type":"SearchAction","target":{"@type":"EntryPoint","urlTemplate":"https:\/\/codognan-tennisclub.fr\/?s={search_term_string}"},"query-input":{"@type":"PropertyValueSpecification","valueRequired":true,"valueName":"search_term_string"}}],"inLanguage":"fr-FR"},{"@type":"Organization","@id":"https:\/\/codognan-tennisclub.fr\/#organization","name":"Codognan Tennis Club","url":"https:\/\/codognan-tennisclub.fr\/","logo":{"@type":"ImageObject","inLanguage":"fr-FR","@id":"https:\/\/codognan-tennisclub.fr\/#\/schema\/logo\/image\/","url":"https:\/\/codognan-tennisclub.fr\/wp-content\/uploads\/2022\/10\/Logo2-carre.jpg","contentUrl":"https:\/\/codognan-tennisclub.fr\/wp-content\/uploads\/2022\/10\/Logo2-carre.jpg","width":1571,"height":1571,"caption":"Codognan Tennis Club"},"image":{"@id":"https:\/\/codognan-tennisclub.fr\/#\/schema\/logo\/image\/"},"sameAs":["https:\/\/www.facebook.com\/tennisclub.codognan","https:\/\/www.instagram.com\/tennisclub_codognan\/?hl=fr"]}]}},"uagb_featured_image_src":{"full":["https:\/\/codognan-tennisclub.fr\/wp-content\/uploads\/2023\/08\/Logo-CTC-site.png",1200,675,false],"thumbnail":["https:\/\/codognan-tennisclub.fr\/wp-content\/uploads\/2023\/08\/Logo-CTC-site-150x150.png",150,150,true],"medium":["https:\/\/codognan-tennisclub.fr\/wp-content\/uploads\/2023\/08\/Logo-CTC-site-300x169.png",300,169,true],"medium_large":["https:\/\/codognan-tennisclub.fr\/wp-content\/uploads\/2023\/08\/Logo-CTC-site-768x432.png",768,432,true],"large":["https:\/\/codognan-tennisclub.fr\/wp-content\/uploads\/2023\/08\/Logo-CTC-site-1024x576.png",1024,576,true],"1536x1536":["https:\/\/codognan-tennisclub.fr\/wp-content\/uploads\/2023\/08\/Logo-CTC-site.png",1200,675,false],"2048x2048":["https:\/\/codognan-tennisclub.fr\/wp-content\/uploads\/2023\/08\/Logo-CTC-site.png",1200,675,false]},"uagb_author_info":{"display_name":"tennisclubcodognan","author_link":"https:\/\/codognan-tennisclub.fr\/index.php\/author\/tennisclubcodognan\/"},"uagb_comment_info":0,"uagb_excerpt":"Bienvenue sur notre site, vous trouverez ici toutes les informations utiles sur la pratique du tennis \u00e0 Codognan et sur la vie de notre ClubPour plus de renseignements, vous pouvez nous contacter \u00e0 cette adresse: tennisclubcodognan@gmail.com Pour toutes demandes concernant les stages ou les cours collectifs et particuliers, vous pouvez contacter directement notre moniteur de\u2026","_links":{"self":[{"href":"https:\/\/codognan-tennisclub.fr\/index.php\/wp-json\/wp\/v2\/pages\/230","targetHints":{"allow":["GET"]}}],"collection":[{"href":"https:\/\/codognan-tennisclub.fr\/index.php\/wp-json\/wp\/v2\/pages"}],"about":[{"href":"https:\/\/codognan-tennisclub.fr\/index.php\/wp-json\/wp\/v2\/types\/page"}],"author":[{"embeddable":true,"href":"https:\/\/codognan-tennisclub.fr\/index.php\/wp-json\/wp\/v2\/users\/1"}],"replies":[{"embeddable":true,"href":"https:\/\/codognan-tennisclub.fr\/index.php\/wp-json\/wp\/v2\/comments?post=230"}],"version-history":[{"count":47,"href":"https:\/\/codognan-tennisclub.fr\/index.php\/wp-json\/wp\/v2\/pages\/230\/revisions"}],"predecessor-version":[{"id":1487,"href":"https:\/\/codognan-tennisclub.fr\/index.php\/wp-json\/wp\/v2\/pages\/230\/revisions\/1487"}],"wp:featuredmedia":[{"embeddable":true,"href":"https:\/\/codognan-tennisclub.fr\/index.php\/wp-json\/wp\/v2\/media\/530"}],"wp:attachment":[{"href":"https:\/\/codognan-tennisclub.fr\/index.php\/wp-json\/wp\/v2\/media?parent=230"}],"curies":[{"name":"wp","href":"https:\/\/api.w.org\/{rel}","templated":true}]}}