{"id":248,"date":"2022-10-20T01:05:53","date_gmt":"2022-10-19T23:05:53","guid":{"rendered":"https:\/\/codognan-tennisclub.fr\/?page_id=248"},"modified":"2024-12-01T22:16:22","modified_gmt":"2024-12-01T20:16:22","slug":"historique","status":"publish","type":"page","link":"https:\/\/codognan-tennisclub.fr\/index.php\/club-historique\/historique\/","title":{"rendered":"Historique"},"content":{"rendered":"\n<h2 class=\"wp-block-heading\">L\u2019histoire du club<\/h2>\n\n\n\n<div class=\"wp-block-columns is-layout-flex wp-container-core-columns-is-layout-1 wp-block-columns-is-layout-flex\">\n<div class=\"wp-block-column is-vertically-aligned-center is-layout-flow wp-block-column-is-layout-flow\" style=\"flex-basis:66%\">\n<ul style=\"margin-top:0;margin-right:0;margin-bottom:0;margin-left:0;padding-top:0;padding-right:0;padding-bottom:0;padding-left:0\" class=\"wp-block-list\">\n<li><strong>1990 <\/strong>: Construction de 2 courts en gazon synth\u00e9tique par la municipalit\u00e9, suivi par la cr\u00e9ation de l\u2019Association Sportive \u00ab&nbsp;Codognan Tennis Club&nbsp;\u00bb (Pr\u00e9sident : Jacky Lacharri\u00e8re). Une cinquantaine d\u2019inscrits la 1\u00e8re ann\u00e9e.<\/li>\n\n\n\n<li><strong>1993 <\/strong>: Nouveau pr\u00e9sident : Danyck Carreau. Environ 70 licenci\u00e9s.<\/li>\n\n\n\n<li><strong>1995 <\/strong>: Construction d\u2019un troisi\u00e8me court de tennis en b\u00e9ton poreux. 75 adh\u00e9rents.<\/li>\n\n\n\n<li><strong>1997 <\/strong>: Cr\u00e9ation du logo LAPIN BLANC par Robert Razier. Pic de 92 licenci\u00e9s.<\/li>\n\n\n\n<li><strong>2000 <\/strong>: 78 licenci\u00e9s.<\/li>\n\n\n\n<li><strong>2002 <\/strong>: Remplacement des gazons synth\u00e9tiques par du b\u00e9ton poreux en Juin. Organisation du premier tournoi homologu\u00e9 en Septembre. 95 licenci\u00e9s.<\/li>\n\n\n\n<li><strong>2005 <\/strong>: Nouveau pr\u00e9sident : Jean-Paul Benoit. 70 licenci\u00e9s.<\/li>\n\n\n\n<li><strong>2006 <\/strong>: Mise en ligne de la rubrique du C.T.C. sur le site Internet de la F.F.T. 63 licenci\u00e9s.<\/li>\n\n\n\n<li><strong>2010 <\/strong>: Le C.T.C. f\u00eate les 20 ans du Club ! 103 licenci\u00e9s.<\/li>\n<\/ul>\n<\/div>\n\n\n\n<div class=\"wp-block-column is-vertically-aligned-top is-layout-flow wp-block-column-is-layout-flow\" style=\"flex-basis:33%\">\n<figure class=\"wp-block-gallery has-nested-images columns-default is-cropped wp-block-gallery-1 is-layout-flex wp-block-gallery-is-layout-flex\">\n<figure class=\"wp-block-image size-large has-custom-border is-style-default\"><img loading=\"lazy\" decoding=\"async\" width=\"1024\" height=\"768\" src=\"https:\/\/codognan-tennisclub.fr\/wp-content\/uploads\/2023\/03\/grand_val001-1024x768.jpg\" alt=\"\" class=\"wp-image-316\" style=\"border-style:none;border-width:0px;border-radius:0px\" srcset=\"https:\/\/codognan-tennisclub.fr\/wp-content\/uploads\/2023\/03\/grand_val001-1024x768.jpg 1024w, https:\/\/codognan-tennisclub.fr\/wp-content\/uploads\/2023\/03\/grand_val001-300x225.jpg 300w, https:\/\/codognan-tennisclub.fr\/wp-content\/uploads\/2023\/03\/grand_val001-768x576.jpg 768w, https:\/\/codognan-tennisclub.fr\/wp-content\/uploads\/2023\/03\/grand_val001-1536x1152.jpg 1536w, https:\/\/codognan-tennisclub.fr\/wp-content\/uploads\/2023\/03\/grand_val001.jpg 2048w\" sizes=\"auto, (max-width: 1024px) 100vw, 1024px\" \/><\/figure>\n<\/figure>\n<\/div>\n<\/div>\n\n\n\n<div class=\"wp-block-columns is-layout-flex wp-container-core-columns-is-layout-2 wp-block-columns-is-layout-flex\">\n<div class=\"wp-block-column is-layout-flow wp-block-column-is-layout-flow\" style=\"flex-basis:33.33%\">\n<figure class=\"wp-block-image size-large\"><img loading=\"lazy\" decoding=\"async\" width=\"1024\" height=\"768\" src=\"https:\/\/codognan-tennisclub.fr\/wp-content\/uploads\/2023\/03\/grand_val005-1024x768.jpg\" alt=\"\" class=\"wp-image-315\" srcset=\"https:\/\/codognan-tennisclub.fr\/wp-content\/uploads\/2023\/03\/grand_val005-1024x768.jpg 1024w, https:\/\/codognan-tennisclub.fr\/wp-content\/uploads\/2023\/03\/grand_val005-300x225.jpg 300w, https:\/\/codognan-tennisclub.fr\/wp-content\/uploads\/2023\/03\/grand_val005-768x576.jpg 768w, https:\/\/codognan-tennisclub.fr\/wp-content\/uploads\/2023\/03\/grand_val005-1536x1152.jpg 1536w, https:\/\/codognan-tennisclub.fr\/wp-content\/uploads\/2023\/03\/grand_val005.jpg 2048w\" sizes=\"auto, (max-width: 1024px) 100vw, 1024px\" \/><\/figure>\n<\/div>\n\n\n\n<div class=\"wp-block-column is-vertically-aligned-center is-layout-flow wp-block-column-is-layout-flow\" style=\"border-style:none;border-width:0px;padding-top:0;padding-right:0;padding-bottom:0;padding-left:0;flex-basis:66.66%\">\n<ul class=\"wp-block-list\">\n<li><strong>2011 <\/strong>: Nouveau pr\u00e9sident : R\u00e9mi Roca. Cr\u00e9ation d\u2019un compte Facebook TC Codognan. 99 licenci\u00e9s.<\/li>\n\n\n\n<li><strong>2015<\/strong>: Saison anniversaire des 25 ans de fondation du club. 104 licenci\u00e9s.<\/li>\n\n\n\n<li><strong>2016 <\/strong>: Nouveau pr\u00e9sident : Vivian Martinez, puis nouveau bureau. 117 licenci\u00e9s.<\/li>\n\n\n\n<li><strong>2017<\/strong>: Am\u00e9nagement d\u2019une buvette ext\u00e9rieure et couverture du toit de la pergola. 97licenci\u00e9s.<\/li>\n\n\n\n<li><strong>2018<\/strong>: Nouvelle pr\u00e9sidente : Charlotte Rouaud. Cr\u00e9ation du nouveau logo par Fr\u00e9d\u00e9ric Laporte. 94 licenci\u00e9s.<\/li>\n\n\n\n<li><strong>2019<\/strong>: Nouveau pr\u00e9sident: Fr\u00e9d\u00e9ric Laporte. R\u00e9novation du club house par les b\u00e9n\u00e9voles. 104 licenci\u00e9s.<\/li>\n\n\n\n<li><strong>2020<\/strong>: 30 ans du club \u2013 manifestation annul\u00e9e pour cause de pand\u00e9mie. 83 licenci\u00e9s.<\/li>\n\n\n\n<li><strong>2021<\/strong>: Arriv\u00e9e de Jean-Fran\u00e7ois COULY comme moniteur. 83 licenci\u00e9s<\/li>\n\n\n\n<li><strong>2022<\/strong>: 20\u00e8me anniversaire du tournoi qui se d\u00e9roule du 31\/08 au 18\/09. TMC Doubles les 10 et 11\/09. 93licenci\u00e9s.<\/li>\n\n\n\n<li><strong>2023<\/strong>: Mise en place d&rsquo;un Comit\u00e9 Jeunes pour organiser le Tournoi Jeunes 2023. 83 licenci\u00e9s.<\/li>\n\n\n\n<li><strong>2024<\/strong>: 93 licenci\u00e9s<\/li>\n\n\n\n<li><strong>202<\/strong>5: Nouveau Pr\u00e9sident: Yoann RENAULT. 105 licenci\u00e9s<\/li>\n<\/ul>\n<\/div>\n<\/div>\n\n\n\n<p><\/p>\n","protected":false},"excerpt":{"rendered":"<p>L\u2019histoire du club<\/p>\n","protected":false},"author":1,"featured_media":0,"parent":8,"menu_order":3,"comment_status":"closed","ping_status":"closed","template":"","meta":{"_coblocks_attr":"","_coblocks_dimensions":"","_coblocks_responsive_height":"","_coblocks_accordion_ie_support":"","_uag_custom_page_level_css":"","ub_ctt_via":"","_monsterinsights_skip_tracking":false,"_monsterinsights_sitenote_active":false,"_monsterinsights_sitenote_note":"","_monsterinsights_sitenote_category":0,"footnotes":""},"class_list":["post-248","page","type-page","status-publish","hentry"],"blocksy_meta":{"styles_descriptor":{"styles":{"desktop":"","tablet":"","mobile":""},"google_fonts":[],"version":6}},"featured_image_src":null,"yoast_head":"<!-- This site is optimized with the Yoast SEO plugin v24.1 - https:\/\/yoast.com\/wordpress\/plugins\/seo\/ -->\n<title>Historique - Site du Codognan Tennis Club<\/title>\n<meta name=\"robots\" content=\"index, follow, max-snippet:-1, max-image-preview:large, max-video-preview:-1\" \/>\n<link rel=\"canonical\" href=\"https:\/\/codognan-tennisclub.fr\/index.php\/club-historique\/historique\/\" \/>\n<meta property=\"og:locale\" content=\"fr_FR\" \/>\n<meta property=\"og:type\" content=\"article\" \/>\n<meta property=\"og:title\" content=\"Historique - Site du Codognan Tennis Club\" \/>\n<meta property=\"og:description\" content=\"L\u2019histoire du club\" \/>\n<meta property=\"og:url\" content=\"https:\/\/codognan-tennisclub.fr\/index.php\/club-historique\/historique\/\" \/>\n<meta property=\"og:site_name\" content=\"Site du Codognan Tennis Club\" \/>\n<meta property=\"article:publisher\" content=\"https:\/\/www.facebook.com\/tennisclub.codognan\" \/>\n<meta property=\"article:modified_time\" content=\"2024-12-01T20:16:22+00:00\" \/>\n<meta property=\"og:image\" content=\"https:\/\/codognan-tennisclub.fr\/wp-content\/uploads\/2023\/03\/grand_val001-1024x768.jpg\" \/>\n<meta name=\"twitter:card\" content=\"summary_large_image\" \/>\n<meta name=\"twitter:label1\" content=\"Dur\u00e9e de lecture estim\u00e9e\" \/>\n\t<meta name=\"twitter:data1\" content=\"2 minutes\" \/>\n<script type=\"application\/ld+json\" class=\"yoast-schema-graph\">{\"@context\":\"https:\/\/schema.org\",\"@graph\":[{\"@type\":\"WebPage\",\"@id\":\"https:\/\/codognan-tennisclub.fr\/index.php\/club-historique\/historique\/\",\"url\":\"https:\/\/codognan-tennisclub.fr\/index.php\/club-historique\/historique\/\",\"name\":\"Historique - Site du Codognan Tennis Club\",\"isPartOf\":{\"@id\":\"https:\/\/codognan-tennisclub.fr\/#website\"},\"primaryImageOfPage\":{\"@id\":\"https:\/\/codognan-tennisclub.fr\/index.php\/club-historique\/historique\/#primaryimage\"},\"image\":{\"@id\":\"https:\/\/codognan-tennisclub.fr\/index.php\/club-historique\/historique\/#primaryimage\"},\"thumbnailUrl\":\"https:\/\/codognan-tennisclub.fr\/wp-content\/uploads\/2023\/03\/grand_val001-1024x768.jpg\",\"datePublished\":\"2022-10-19T23:05:53+00:00\",\"dateModified\":\"2024-12-01T20:16:22+00:00\",\"breadcrumb\":{\"@id\":\"https:\/\/codognan-tennisclub.fr\/index.php\/club-historique\/historique\/#breadcrumb\"},\"inLanguage\":\"fr-FR\",\"potentialAction\":[{\"@type\":\"ReadAction\",\"target\":[\"https:\/\/codognan-tennisclub.fr\/index.php\/club-historique\/historique\/\"]}]},{\"@type\":\"ImageObject\",\"inLanguage\":\"fr-FR\",\"@id\":\"https:\/\/codognan-tennisclub.fr\/index.php\/club-historique\/historique\/#primaryimage\",\"url\":\"https:\/\/codognan-tennisclub.fr\/wp-content\/uploads\/2023\/03\/grand_val001.jpg\",\"contentUrl\":\"https:\/\/codognan-tennisclub.fr\/wp-content\/uploads\/2023\/03\/grand_val001.jpg\",\"width\":2048,\"height\":1536,\"caption\":\"L'accueil\"},{\"@type\":\"BreadcrumbList\",\"@id\":\"https:\/\/codognan-tennisclub.fr\/index.php\/club-historique\/historique\/#breadcrumb\",\"itemListElement\":[{\"@type\":\"ListItem\",\"position\":1,\"name\":\"Accueil\",\"item\":\"https:\/\/codognan-tennisclub.fr\/\"},{\"@type\":\"ListItem\",\"position\":2,\"name\":\"Le Club\",\"item\":\"https:\/\/codognan-tennisclub.fr\/index.php\/club-historique\/\"},{\"@type\":\"ListItem\",\"position\":3,\"name\":\"Historique\"}]},{\"@type\":\"WebSite\",\"@id\":\"https:\/\/codognan-tennisclub.fr\/#website\",\"url\":\"https:\/\/codognan-tennisclub.fr\/\",\"name\":\"Site du Codognan Tennis Club\",\"description\":\"\",\"publisher\":{\"@id\":\"https:\/\/codognan-tennisclub.fr\/#organization\"},\"potentialAction\":[{\"@type\":\"SearchAction\",\"target\":{\"@type\":\"EntryPoint\",\"urlTemplate\":\"https:\/\/codognan-tennisclub.fr\/?s={search_term_string}\"},\"query-input\":{\"@type\":\"PropertyValueSpecification\",\"valueRequired\":true,\"valueName\":\"search_term_string\"}}],\"inLanguage\":\"fr-FR\"},{\"@type\":\"Organization\",\"@id\":\"https:\/\/codognan-tennisclub.fr\/#organization\",\"name\":\"Codognan Tennis Club\",\"url\":\"https:\/\/codognan-tennisclub.fr\/\",\"logo\":{\"@type\":\"ImageObject\",\"inLanguage\":\"fr-FR\",\"@id\":\"https:\/\/codognan-tennisclub.fr\/#\/schema\/logo\/image\/\",\"url\":\"https:\/\/codognan-tennisclub.fr\/wp-content\/uploads\/2022\/10\/Logo2-carre.jpg\",\"contentUrl\":\"https:\/\/codognan-tennisclub.fr\/wp-content\/uploads\/2022\/10\/Logo2-carre.jpg\",\"width\":1571,\"height\":1571,\"caption\":\"Codognan Tennis Club\"},\"image\":{\"@id\":\"https:\/\/codognan-tennisclub.fr\/#\/schema\/logo\/image\/\"},\"sameAs\":[\"https:\/\/www.facebook.com\/tennisclub.codognan\",\"https:\/\/www.instagram.com\/tennisclub_codognan\/?hl=fr\"]}]}<\/script>\n<!-- \/ Yoast SEO plugin. -->","yoast_head_json":{"title":"Historique - Site du Codognan Tennis Club","robots":{"index":"index","follow":"follow","max-snippet":"max-snippet:-1","max-image-preview":"max-image-preview:large","max-video-preview":"max-video-preview:-1"},"canonical":"https:\/\/codognan-tennisclub.fr\/index.php\/club-historique\/historique\/","og_locale":"fr_FR","og_type":"article","og_title":"Historique - Site du Codognan Tennis Club","og_description":"L\u2019histoire du club","og_url":"https:\/\/codognan-tennisclub.fr\/index.php\/club-historique\/historique\/","og_site_name":"Site du Codognan Tennis Club","article_publisher":"https:\/\/www.facebook.com\/tennisclub.codognan","article_modified_time":"2024-12-01T20:16:22+00:00","og_image":[{"url":"https:\/\/codognan-tennisclub.fr\/wp-content\/uploads\/2023\/03\/grand_val001-1024x768.jpg","type":"","width":"","height":""}],"twitter_card":"summary_large_image","twitter_misc":{"Dur\u00e9e de lecture estim\u00e9e":"2 minutes"},"schema":{"@context":"https:\/\/schema.org","@graph":[{"@type":"WebPage","@id":"https:\/\/codognan-tennisclub.fr\/index.php\/club-historique\/historique\/","url":"https:\/\/codognan-tennisclub.fr\/index.php\/club-historique\/historique\/","name":"Historique - Site du Codognan Tennis Club","isPartOf":{"@id":"https:\/\/codognan-tennisclub.fr\/#website"},"primaryImageOfPage":{"@id":"https:\/\/codognan-tennisclub.fr\/index.php\/club-historique\/historique\/#primaryimage"},"image":{"@id":"https:\/\/codognan-tennisclub.fr\/index.php\/club-historique\/historique\/#primaryimage"},"thumbnailUrl":"https:\/\/codognan-tennisclub.fr\/wp-content\/uploads\/2023\/03\/grand_val001-1024x768.jpg","datePublished":"2022-10-19T23:05:53+00:00","dateModified":"2024-12-01T20:16:22+00:00","breadcrumb":{"@id":"https:\/\/codognan-tennisclub.fr\/index.php\/club-historique\/historique\/#breadcrumb"},"inLanguage":"fr-FR","potentialAction":[{"@type":"ReadAction","target":["https:\/\/codognan-tennisclub.fr\/index.php\/club-historique\/historique\/"]}]},{"@type":"ImageObject","inLanguage":"fr-FR","@id":"https:\/\/codognan-tennisclub.fr\/index.php\/club-historique\/historique\/#primaryimage","url":"https:\/\/codognan-tennisclub.fr\/wp-content\/uploads\/2023\/03\/grand_val001.jpg","contentUrl":"https:\/\/codognan-tennisclub.fr\/wp-content\/uploads\/2023\/03\/grand_val001.jpg","width":2048,"height":1536,"caption":"L'accueil"},{"@type":"BreadcrumbList","@id":"https:\/\/codognan-tennisclub.fr\/index.php\/club-historique\/historique\/#breadcrumb","itemListElement":[{"@type":"ListItem","position":1,"name":"Accueil","item":"https:\/\/codognan-tennisclub.fr\/"},{"@type":"ListItem","position":2,"name":"Le Club","item":"https:\/\/codognan-tennisclub.fr\/index.php\/club-historique\/"},{"@type":"ListItem","position":3,"name":"Historique"}]},{"@type":"WebSite","@id":"https:\/\/codognan-tennisclub.fr\/#website","url":"https:\/\/codognan-tennisclub.fr\/","name":"Site du Codognan Tennis Club","description":"","publisher":{"@id":"https:\/\/codognan-tennisclub.fr\/#organization"},"potentialAction":[{"@type":"SearchAction","target":{"@type":"EntryPoint","urlTemplate":"https:\/\/codognan-tennisclub.fr\/?s={search_term_string}"},"query-input":{"@type":"PropertyValueSpecification","valueRequired":true,"valueName":"search_term_string"}}],"inLanguage":"fr-FR"},{"@type":"Organization","@id":"https:\/\/codognan-tennisclub.fr\/#organization","name":"Codognan Tennis Club","url":"https:\/\/codognan-tennisclub.fr\/","logo":{"@type":"ImageObject","inLanguage":"fr-FR","@id":"https:\/\/codognan-tennisclub.fr\/#\/schema\/logo\/image\/","url":"https:\/\/codognan-tennisclub.fr\/wp-content\/uploads\/2022\/10\/Logo2-carre.jpg","contentUrl":"https:\/\/codognan-tennisclub.fr\/wp-content\/uploads\/2022\/10\/Logo2-carre.jpg","width":1571,"height":1571,"caption":"Codognan Tennis Club"},"image":{"@id":"https:\/\/codognan-tennisclub.fr\/#\/schema\/logo\/image\/"},"sameAs":["https:\/\/www.facebook.com\/tennisclub.codognan","https:\/\/www.instagram.com\/tennisclub_codognan\/?hl=fr"]}]}},"uagb_featured_image_src":{"full":false,"thumbnail":false,"medium":false,"medium_large":false,"large":false,"1536x1536":false,"2048x2048":false},"uagb_author_info":{"display_name":"tennisclubcodognan","author_link":"https:\/\/codognan-tennisclub.fr\/index.php\/author\/tennisclubcodognan\/"},"uagb_comment_info":0,"uagb_excerpt":"L\u2019histoire du club","_links":{"self":[{"href":"https:\/\/codognan-tennisclub.fr\/index.php\/wp-json\/wp\/v2\/pages\/248","targetHints":{"allow":["GET"]}}],"collection":[{"href":"https:\/\/codognan-tennisclub.fr\/index.php\/wp-json\/wp\/v2\/pages"}],"about":[{"href":"https:\/\/codognan-tennisclub.fr\/index.php\/wp-json\/wp\/v2\/types\/page"}],"author":[{"embeddable":true,"href":"https:\/\/codognan-tennisclub.fr\/index.php\/wp-json\/wp\/v2\/users\/1"}],"replies":[{"embeddable":true,"href":"https:\/\/codognan-tennisclub.fr\/index.php\/wp-json\/wp\/v2\/comments?post=248"}],"version-history":[{"count":7,"href":"https:\/\/codognan-tennisclub.fr\/index.php\/wp-json\/wp\/v2\/pages\/248\/revisions"}],"predecessor-version":[{"id":1506,"href":"https:\/\/codognan-tennisclub.fr\/index.php\/wp-json\/wp\/v2\/pages\/248\/revisions\/1506"}],"up":[{"embeddable":true,"href":"https:\/\/codognan-tennisclub.fr\/index.php\/wp-json\/wp\/v2\/pages\/8"}],"wp:attachment":[{"href":"https:\/\/codognan-tennisclub.fr\/index.php\/wp-json\/wp\/v2\/media?parent=248"}],"curies":[{"name":"wp","href":"https:\/\/api.w.org\/{rel}","templated":true}]}}