{"id":294,"date":"2022-11-29T14:01:59","date_gmt":"2022-11-29T12:01:59","guid":{"rendered":"https:\/\/codognan-tennisclub.fr\/?page_id=294"},"modified":"2023-08-14T10:11:20","modified_gmt":"2023-08-14T08:11:20","slug":"documents-dinscription","status":"publish","type":"page","link":"https:\/\/codognan-tennisclub.fr\/index.php\/inscription-licence\/documents-dinscription\/","title":{"rendered":"Documents d&rsquo;inscription"},"content":{"rendered":"\n<p>Retrouvez ici les documents n\u00e9cessaires pour l&rsquo;inscription au club.<br>Le formulaire doit \u00eatre compl\u00e9t\u00e9 et sign\u00e9 puis transmis par mail ou lors des permanences d&rsquo;inscription. Pour les mineurs uniquement, il est n\u00e9cessaire de r\u00e9pondre au questionnaire de sant\u00e9 et de compl\u00e9ter l&rsquo;attestation. Si au moins une r\u00e9ponse du questionnaire est positive, un certificat m\u00e9dical de moins de 6 mois est demand\u00e9.<br><br>Pour rappel, il est \u00e9galement possible de s&rsquo;inscrire via <a href=\"https:\/\/tenup.fft.fr\/\" target=\"_blank\" rel=\"noreferrer noopener\">Ten&rsquo;up<\/a> avec paiement en ligne.<br>Tous les d\u00e9tails sur la page \u00ab\u00a0<a href=\"https:\/\/codognan-tennisclub.fr\/index.php\/inscription-licence\/\">Inscription \/ Licence<\/a>\u00ab\u00a0<br><\/p>\n\n\n\n<div class=\"wp-block-uagb-icon-list uagb-block-331875a5\"><div class=\"uagb-icon-list__wrap\">\n<div class=\"wp-block-uagb-icon-list-child uagb-block-9007c7c9\"><a target=\"_blank\" aria-label=\"Formulaire d'inscription saison 2024 (du 01\/09\/2023 au 31\/08\/2024)\" rel=\"noopener noreferrer\" href=\"\/\/codognan-tennisclub.fr\/wp-content\/uploads\/2023\/08\/Inscriptions-2024.pdf\"> <\/a><span class=\"uagb-icon-list__source-wrap\"><svg xmlns=\"https:\/\/www.w3.org\/2000\/svg\" viewBox=\"0 0 512 512\"><path d=\"M256 0C114.6 0 0 114.6 0 256c0 141.4 114.6 256 256 256s256-114.6 256-256C512 114.6 397.4 0 256 0zM406.6 278.6l-103.1 103.1c-12.5 12.5-32.75 12.5-45.25 0s-12.5-32.75 0-45.25L306.8 288H128C110.3 288 96 273.7 96 256s14.31-32 32-32h178.8l-49.38-49.38c-12.5-12.5-12.5-32.75 0-45.25s32.75-12.5 45.25 0l103.1 103.1C414.6 241.3 416 251.1 416 256C416 260.9 414.6 270.7 406.6 278.6z\"><\/path><\/svg><\/span><span class=\"uagb-icon-list__label\">Formulaire d&rsquo;inscription saison 2024 (du 01\/09\/2023 au 31\/08\/2024)<\/span><\/div>\n\n\n\n<div class=\"wp-block-uagb-icon-list-child uagb-block-bcb9047b\"><a target=\"_blank\" aria-label=\"Questionnaire de sant\u00e9 (pour les mineurs uniquement)\" rel=\"noopener noreferrer\" href=\"\/\/codognan-tennisclub.fr\/wp-content\/uploads\/2023\/08\/Questionnaire-de-sante-mineurs.pdf\"> <\/a><span class=\"uagb-icon-list__source-wrap\"><svg xmlns=\"https:\/\/www.w3.org\/2000\/svg\" viewBox=\"0 0 512 512\"><path d=\"M256 0C114.6 0 0 114.6 0 256c0 141.4 114.6 256 256 256s256-114.6 256-256C512 114.6 397.4 0 256 0zM406.6 278.6l-103.1 103.1c-12.5 12.5-32.75 12.5-45.25 0s-12.5-32.75 0-45.25L306.8 288H128C110.3 288 96 273.7 96 256s14.31-32 32-32h178.8l-49.38-49.38c-12.5-12.5-12.5-32.75 0-45.25s32.75-12.5 45.25 0l103.1 103.1C414.6 241.3 416 251.1 416 256C416 260.9 414.6 270.7 406.6 278.6z\"><\/path><\/svg><\/span><span class=\"uagb-icon-list__label\">Questionnaire de sant\u00e9 (pour les mineurs uniquement)<\/span><\/div>\n\n\n\n<div class=\"wp-block-uagb-icon-list-child uagb-block-16aae541\"><a target=\"_blank\" aria-label=\"Attestation pour les mineurs, \u00e0 remplir par un repr\u00e9sentant l\u00e9gal \" rel=\"noopener noreferrer\" href=\"\/\/codognan-tennisclub.fr\/wp-content\/uploads\/2023\/08\/Attestation-mineurs.pdf\"> <\/a><span class=\"uagb-icon-list__source-wrap\"><svg xmlns=\"https:\/\/www.w3.org\/2000\/svg\" viewBox=\"0 0 512 512\"><path d=\"M256 0C114.6 0 0 114.6 0 256c0 141.4 114.6 256 256 256s256-114.6 256-256C512 114.6 397.4 0 256 0zM406.6 278.6l-103.1 103.1c-12.5 12.5-32.75 12.5-45.25 0s-12.5-32.75 0-45.25L306.8 288H128C110.3 288 96 273.7 96 256s14.31-32 32-32h178.8l-49.38-49.38c-12.5-12.5-12.5-32.75 0-45.25s32.75-12.5 45.25 0l103.1 103.1C414.6 241.3 416 251.1 416 256C416 260.9 414.6 270.7 406.6 278.6z\"><\/path><\/svg><\/span><span class=\"uagb-icon-list__label\">Attestation pour les mineurs, \u00e0 remplir par un repr\u00e9sentant l\u00e9gal <\/span><\/div>\n<\/div><\/div>\n","protected":false},"excerpt":{"rendered":"<p>Retrouvez ici les documents n\u00e9cessaires pour l&rsquo;inscription au club.Le formulaire doit \u00eatre compl\u00e9t\u00e9 et sign\u00e9 puis transmis par mail ou lors des permanences d&rsquo;inscription. Pour les mineurs uniquement, il est n\u00e9cessaire de r\u00e9pondre au questionnaire de sant\u00e9 et de compl\u00e9ter l&rsquo;attestation. Si au moins une r\u00e9ponse du questionnaire est positive, un certificat m\u00e9dical de moins [&hellip;]<\/p>\n","protected":false},"author":1,"featured_media":0,"parent":90,"menu_order":2,"comment_status":"closed","ping_status":"closed","template":"","meta":{"_coblocks_attr":"","_coblocks_dimensions":"","_coblocks_responsive_height":"","_coblocks_accordion_ie_support":"","_uag_custom_page_level_css":"","ub_ctt_via":"","_monsterinsights_skip_tracking":false,"_monsterinsights_sitenote_active":false,"_monsterinsights_sitenote_note":"","_monsterinsights_sitenote_category":0,"footnotes":""},"class_list":["post-294","page","type-page","status-publish","hentry"],"blocksy_meta":{"styles_descriptor":{"styles":{"desktop":"","tablet":"","mobile":""},"google_fonts":[],"version":6}},"featured_image_src":null,"yoast_head":"<!-- This site is optimized with the Yoast SEO plugin v24.1 - https:\/\/yoast.com\/wordpress\/plugins\/seo\/ -->\n<title>Documents d&#039;inscription - Site du Codognan Tennis Club<\/title>\n<meta name=\"robots\" content=\"index, follow, max-snippet:-1, max-image-preview:large, max-video-preview:-1\" \/>\n<link rel=\"canonical\" href=\"https:\/\/codognan-tennisclub.fr\/index.php\/inscription-licence\/documents-dinscription\/\" \/>\n<meta property=\"og:locale\" content=\"fr_FR\" \/>\n<meta property=\"og:type\" content=\"article\" \/>\n<meta property=\"og:title\" content=\"Documents d&#039;inscription - Site du Codognan Tennis Club\" \/>\n<meta property=\"og:description\" content=\"Retrouvez ici les documents n\u00e9cessaires pour l&rsquo;inscription au club.Le formulaire doit \u00eatre compl\u00e9t\u00e9 et sign\u00e9 puis transmis par mail ou lors des permanences d&rsquo;inscription. Pour les mineurs uniquement, il est n\u00e9cessaire de r\u00e9pondre au questionnaire de sant\u00e9 et de compl\u00e9ter l&rsquo;attestation. Si au moins une r\u00e9ponse du questionnaire est positive, un certificat m\u00e9dical de moins [&hellip;]\" \/>\n<meta property=\"og:url\" content=\"https:\/\/codognan-tennisclub.fr\/index.php\/inscription-licence\/documents-dinscription\/\" \/>\n<meta property=\"og:site_name\" content=\"Site du Codognan Tennis Club\" \/>\n<meta property=\"article:publisher\" content=\"https:\/\/www.facebook.com\/tennisclub.codognan\" \/>\n<meta property=\"article:modified_time\" content=\"2023-08-14T08:11:20+00:00\" \/>\n<meta property=\"og:image\" content=\"https:\/\/codognan-tennisclub.fr\/wp-content\/uploads\/2023\/08\/Logo-CTC-site.png\" \/>\n\t<meta property=\"og:image:width\" content=\"1200\" \/>\n\t<meta property=\"og:image:height\" content=\"675\" \/>\n\t<meta property=\"og:image:type\" content=\"image\/png\" \/>\n<meta name=\"twitter:card\" content=\"summary_large_image\" \/>\n<meta name=\"twitter:label1\" content=\"Dur\u00e9e de lecture estim\u00e9e\" \/>\n\t<meta name=\"twitter:data1\" content=\"1 minute\" \/>\n<script type=\"application\/ld+json\" class=\"yoast-schema-graph\">{\"@context\":\"https:\/\/schema.org\",\"@graph\":[{\"@type\":\"WebPage\",\"@id\":\"https:\/\/codognan-tennisclub.fr\/index.php\/inscription-licence\/documents-dinscription\/\",\"url\":\"https:\/\/codognan-tennisclub.fr\/index.php\/inscription-licence\/documents-dinscription\/\",\"name\":\"Documents d'inscription - Site du Codognan Tennis Club\",\"isPartOf\":{\"@id\":\"https:\/\/codognan-tennisclub.fr\/#website\"},\"datePublished\":\"2022-11-29T12:01:59+00:00\",\"dateModified\":\"2023-08-14T08:11:20+00:00\",\"breadcrumb\":{\"@id\":\"https:\/\/codognan-tennisclub.fr\/index.php\/inscription-licence\/documents-dinscription\/#breadcrumb\"},\"inLanguage\":\"fr-FR\",\"potentialAction\":[{\"@type\":\"ReadAction\",\"target\":[\"https:\/\/codognan-tennisclub.fr\/index.php\/inscription-licence\/documents-dinscription\/\"]}]},{\"@type\":\"BreadcrumbList\",\"@id\":\"https:\/\/codognan-tennisclub.fr\/index.php\/inscription-licence\/documents-dinscription\/#breadcrumb\",\"itemListElement\":[{\"@type\":\"ListItem\",\"position\":1,\"name\":\"Accueil\",\"item\":\"https:\/\/codognan-tennisclub.fr\/\"},{\"@type\":\"ListItem\",\"position\":2,\"name\":\"Inscription \/ Licence\",\"item\":\"https:\/\/codognan-tennisclub.fr\/index.php\/inscription-licence\/\"},{\"@type\":\"ListItem\",\"position\":3,\"name\":\"Documents d&rsquo;inscription\"}]},{\"@type\":\"WebSite\",\"@id\":\"https:\/\/codognan-tennisclub.fr\/#website\",\"url\":\"https:\/\/codognan-tennisclub.fr\/\",\"name\":\"Site du Codognan Tennis Club\",\"description\":\"\",\"publisher\":{\"@id\":\"https:\/\/codognan-tennisclub.fr\/#organization\"},\"potentialAction\":[{\"@type\":\"SearchAction\",\"target\":{\"@type\":\"EntryPoint\",\"urlTemplate\":\"https:\/\/codognan-tennisclub.fr\/?s={search_term_string}\"},\"query-input\":{\"@type\":\"PropertyValueSpecification\",\"valueRequired\":true,\"valueName\":\"search_term_string\"}}],\"inLanguage\":\"fr-FR\"},{\"@type\":\"Organization\",\"@id\":\"https:\/\/codognan-tennisclub.fr\/#organization\",\"name\":\"Codognan Tennis Club\",\"url\":\"https:\/\/codognan-tennisclub.fr\/\",\"logo\":{\"@type\":\"ImageObject\",\"inLanguage\":\"fr-FR\",\"@id\":\"https:\/\/codognan-tennisclub.fr\/#\/schema\/logo\/image\/\",\"url\":\"https:\/\/codognan-tennisclub.fr\/wp-content\/uploads\/2022\/10\/Logo2-carre.jpg\",\"contentUrl\":\"https:\/\/codognan-tennisclub.fr\/wp-content\/uploads\/2022\/10\/Logo2-carre.jpg\",\"width\":1571,\"height\":1571,\"caption\":\"Codognan Tennis Club\"},\"image\":{\"@id\":\"https:\/\/codognan-tennisclub.fr\/#\/schema\/logo\/image\/\"},\"sameAs\":[\"https:\/\/www.facebook.com\/tennisclub.codognan\",\"https:\/\/www.instagram.com\/tennisclub_codognan\/?hl=fr\"]}]}<\/script>\n<!-- \/ Yoast SEO plugin. -->","yoast_head_json":{"title":"Documents d'inscription - Site du Codognan Tennis Club","robots":{"index":"index","follow":"follow","max-snippet":"max-snippet:-1","max-image-preview":"max-image-preview:large","max-video-preview":"max-video-preview:-1"},"canonical":"https:\/\/codognan-tennisclub.fr\/index.php\/inscription-licence\/documents-dinscription\/","og_locale":"fr_FR","og_type":"article","og_title":"Documents d'inscription - Site du Codognan Tennis Club","og_description":"Retrouvez ici les documents n\u00e9cessaires pour l&rsquo;inscription au club.Le formulaire doit \u00eatre compl\u00e9t\u00e9 et sign\u00e9 puis transmis par mail ou lors des permanences d&rsquo;inscription. Pour les mineurs uniquement, il est n\u00e9cessaire de r\u00e9pondre au questionnaire de sant\u00e9 et de compl\u00e9ter l&rsquo;attestation. Si au moins une r\u00e9ponse du questionnaire est positive, un certificat m\u00e9dical de moins [&hellip;]","og_url":"https:\/\/codognan-tennisclub.fr\/index.php\/inscription-licence\/documents-dinscription\/","og_site_name":"Site du Codognan Tennis Club","article_publisher":"https:\/\/www.facebook.com\/tennisclub.codognan","article_modified_time":"2023-08-14T08:11:20+00:00","og_image":[{"width":1200,"height":675,"url":"https:\/\/codognan-tennisclub.fr\/wp-content\/uploads\/2023\/08\/Logo-CTC-site.png","type":"image\/png"}],"twitter_card":"summary_large_image","twitter_misc":{"Dur\u00e9e de lecture estim\u00e9e":"1 minute"},"schema":{"@context":"https:\/\/schema.org","@graph":[{"@type":"WebPage","@id":"https:\/\/codognan-tennisclub.fr\/index.php\/inscription-licence\/documents-dinscription\/","url":"https:\/\/codognan-tennisclub.fr\/index.php\/inscription-licence\/documents-dinscription\/","name":"Documents d'inscription - Site du Codognan Tennis Club","isPartOf":{"@id":"https:\/\/codognan-tennisclub.fr\/#website"},"datePublished":"2022-11-29T12:01:59+00:00","dateModified":"2023-08-14T08:11:20+00:00","breadcrumb":{"@id":"https:\/\/codognan-tennisclub.fr\/index.php\/inscription-licence\/documents-dinscription\/#breadcrumb"},"inLanguage":"fr-FR","potentialAction":[{"@type":"ReadAction","target":["https:\/\/codognan-tennisclub.fr\/index.php\/inscription-licence\/documents-dinscription\/"]}]},{"@type":"BreadcrumbList","@id":"https:\/\/codognan-tennisclub.fr\/index.php\/inscription-licence\/documents-dinscription\/#breadcrumb","itemListElement":[{"@type":"ListItem","position":1,"name":"Accueil","item":"https:\/\/codognan-tennisclub.fr\/"},{"@type":"ListItem","position":2,"name":"Inscription \/ Licence","item":"https:\/\/codognan-tennisclub.fr\/index.php\/inscription-licence\/"},{"@type":"ListItem","position":3,"name":"Documents d&rsquo;inscription"}]},{"@type":"WebSite","@id":"https:\/\/codognan-tennisclub.fr\/#website","url":"https:\/\/codognan-tennisclub.fr\/","name":"Site du Codognan Tennis Club","description":"","publisher":{"@id":"https:\/\/codognan-tennisclub.fr\/#organization"},"potentialAction":[{"@type":"SearchAction","target":{"@type":"EntryPoint","urlTemplate":"https:\/\/codognan-tennisclub.fr\/?s={search_term_string}"},"query-input":{"@type":"PropertyValueSpecification","valueRequired":true,"valueName":"search_term_string"}}],"inLanguage":"fr-FR"},{"@type":"Organization","@id":"https:\/\/codognan-tennisclub.fr\/#organization","name":"Codognan Tennis Club","url":"https:\/\/codognan-tennisclub.fr\/","logo":{"@type":"ImageObject","inLanguage":"fr-FR","@id":"https:\/\/codognan-tennisclub.fr\/#\/schema\/logo\/image\/","url":"https:\/\/codognan-tennisclub.fr\/wp-content\/uploads\/2022\/10\/Logo2-carre.jpg","contentUrl":"https:\/\/codognan-tennisclub.fr\/wp-content\/uploads\/2022\/10\/Logo2-carre.jpg","width":1571,"height":1571,"caption":"Codognan Tennis Club"},"image":{"@id":"https:\/\/codognan-tennisclub.fr\/#\/schema\/logo\/image\/"},"sameAs":["https:\/\/www.facebook.com\/tennisclub.codognan","https:\/\/www.instagram.com\/tennisclub_codognan\/?hl=fr"]}]}},"uagb_featured_image_src":{"full":false,"thumbnail":false,"medium":false,"medium_large":false,"large":false,"1536x1536":false,"2048x2048":false},"uagb_author_info":{"display_name":"tennisclubcodognan","author_link":"https:\/\/codognan-tennisclub.fr\/index.php\/author\/tennisclubcodognan\/"},"uagb_comment_info":0,"uagb_excerpt":"Retrouvez ici les documents n\u00e9cessaires pour l&rsquo;inscription au club.Le formulaire doit \u00eatre compl\u00e9t\u00e9 et sign\u00e9 puis transmis par mail ou lors des permanences d&rsquo;inscription. Pour les mineurs uniquement, il est n\u00e9cessaire de r\u00e9pondre au questionnaire de sant\u00e9 et de compl\u00e9ter l&rsquo;attestation. Si au moins une r\u00e9ponse du questionnaire est positive, un certificat m\u00e9dical de moins\u2026","_links":{"self":[{"href":"https:\/\/codognan-tennisclub.fr\/index.php\/wp-json\/wp\/v2\/pages\/294","targetHints":{"allow":["GET"]}}],"collection":[{"href":"https:\/\/codognan-tennisclub.fr\/index.php\/wp-json\/wp\/v2\/pages"}],"about":[{"href":"https:\/\/codognan-tennisclub.fr\/index.php\/wp-json\/wp\/v2\/types\/page"}],"author":[{"embeddable":true,"href":"https:\/\/codognan-tennisclub.fr\/index.php\/wp-json\/wp\/v2\/users\/1"}],"replies":[{"embeddable":true,"href":"https:\/\/codognan-tennisclub.fr\/index.php\/wp-json\/wp\/v2\/comments?post=294"}],"version-history":[{"count":4,"href":"https:\/\/codognan-tennisclub.fr\/index.php\/wp-json\/wp\/v2\/pages\/294\/revisions"}],"predecessor-version":[{"id":503,"href":"https:\/\/codognan-tennisclub.fr\/index.php\/wp-json\/wp\/v2\/pages\/294\/revisions\/503"}],"up":[{"embeddable":true,"href":"https:\/\/codognan-tennisclub.fr\/index.php\/wp-json\/wp\/v2\/pages\/90"}],"wp:attachment":[{"href":"https:\/\/codognan-tennisclub.fr\/index.php\/wp-json\/wp\/v2\/media?parent=294"}],"curies":[{"name":"wp","href":"https:\/\/api.w.org\/{rel}","templated":true}]}}