{"id":521,"date":"2023-08-17T10:11:24","date_gmt":"2023-08-17T08:11:24","guid":{"rendered":"https:\/\/codognan-tennisclub.fr\/?page_id=521"},"modified":"2023-08-17T10:43:45","modified_gmt":"2023-08-17T08:43:45","slug":"tournois-du-ctc","status":"publish","type":"page","link":"https:\/\/codognan-tennisclub.fr\/index.php\/competitions\/tournois-du-ctc\/","title":{"rendered":"Tournois du CTC"},"content":{"rendered":"\n<p>Retrouvez ici les diff\u00e9rents tournois organis\u00e9s dans votre club pr\u00e9f\u00e9r\u00e9.<\/p>\n\n\n\n<div class=\"wp-block-query is-layout-flow wp-block-query-is-layout-flow\"><ul class=\"wp-block-post-template is-layout-flow wp-block-post-template-is-layout-flow\"><li class=\"wp-block-post post-1466 post type-post status-publish format-standard has-post-thumbnail hentry category-tournois-ctc category-tournois\">\n\n<div class=\"wp-block-columns are-vertically-aligned-center is-layout-flex wp-container-core-columns-is-layout-1 wp-block-columns-is-layout-flex\">\n<div class=\"wp-block-column is-vertically-aligned-center is-layout-flow wp-block-column-is-layout-flow\" style=\"flex-basis:25%\"><figure class=\"wp-block-post-featured-image\"><a href=\"https:\/\/codognan-tennisclub.fr\/index.php\/2024\/08\/10\/tournoi-de-rentree-2024\/\" target=\"_self\"  ><img loading=\"lazy\" decoding=\"async\" width=\"1821\" height=\"2560\" src=\"https:\/\/codognan-tennisclub.fr\/wp-content\/uploads\/2024\/08\/Affiche-scaled.jpg\" class=\"attachment-post-thumbnail size-post-thumbnail wp-post-image\" alt=\"Tournoi de Rentr\u00e9e 2024\" style=\"object-fit:cover;\" srcset=\"https:\/\/codognan-tennisclub.fr\/wp-content\/uploads\/2024\/08\/Affiche-scaled.jpg 1821w, https:\/\/codognan-tennisclub.fr\/wp-content\/uploads\/2024\/08\/Affiche-213x300.jpg 213w, https:\/\/codognan-tennisclub.fr\/wp-content\/uploads\/2024\/08\/Affiche-728x1024.jpg 728w, https:\/\/codognan-tennisclub.fr\/wp-content\/uploads\/2024\/08\/Affiche-768x1080.jpg 768w, https:\/\/codognan-tennisclub.fr\/wp-content\/uploads\/2024\/08\/Affiche-1092x1536.jpg 1092w, https:\/\/codognan-tennisclub.fr\/wp-content\/uploads\/2024\/08\/Affiche-1457x2048.jpg 1457w\" sizes=\"auto, (max-width: 1821px) 100vw, 1821px\" \/><\/a><\/figure><\/div>\n\n\n\n<div class=\"wp-block-column is-vertically-aligned-center is-layout-flow wp-block-column-is-layout-flow\" style=\"flex-basis:75%\"><h2 class=\"wp-block-post-title\"><a href=\"https:\/\/codognan-tennisclub.fr\/index.php\/2024\/08\/10\/tournoi-de-rentree-2024\/\" target=\"_self\" >Tournoi de Rentr\u00e9e 2024<\/a><\/h2><\/div>\n<\/div>\n\n<\/li><li class=\"wp-block-post post-1388 post type-post status-publish format-standard has-post-thumbnail hentry category-tournois-ctc category-tournois\">\n\n<div class=\"wp-block-columns are-vertically-aligned-center is-layout-flex wp-container-core-columns-is-layout-2 wp-block-columns-is-layout-flex\">\n<div class=\"wp-block-column is-vertically-aligned-center is-layout-flow wp-block-column-is-layout-flow\" style=\"flex-basis:25%\"><figure class=\"wp-block-post-featured-image\"><a href=\"https:\/\/codognan-tennisclub.fr\/index.php\/2024\/06\/02\/fin-du-tournoi-interne-2024\/\" target=\"_self\"  ><img loading=\"lazy\" decoding=\"async\" width=\"2560\" height=\"1617\" src=\"https:\/\/codognan-tennisclub.fr\/wp-content\/uploads\/2024\/06\/tournoi-1-scaled.jpeg\" class=\"attachment-post-thumbnail size-post-thumbnail wp-post-image\" alt=\"Fin du Tournoi Interne 2024\" style=\"object-fit:cover;\" srcset=\"https:\/\/codognan-tennisclub.fr\/wp-content\/uploads\/2024\/06\/tournoi-1-scaled.jpeg 2560w, https:\/\/codognan-tennisclub.fr\/wp-content\/uploads\/2024\/06\/tournoi-1-300x190.jpeg 300w, https:\/\/codognan-tennisclub.fr\/wp-content\/uploads\/2024\/06\/tournoi-1-1024x647.jpeg 1024w, https:\/\/codognan-tennisclub.fr\/wp-content\/uploads\/2024\/06\/tournoi-1-768x485.jpeg 768w, https:\/\/codognan-tennisclub.fr\/wp-content\/uploads\/2024\/06\/tournoi-1-1536x970.jpeg 1536w, https:\/\/codognan-tennisclub.fr\/wp-content\/uploads\/2024\/06\/tournoi-1-2048x1294.jpeg 2048w\" sizes=\"auto, (max-width: 2560px) 100vw, 2560px\" \/><\/a><\/figure><\/div>\n\n\n\n<div class=\"wp-block-column is-vertically-aligned-center is-layout-flow wp-block-column-is-layout-flow\" style=\"flex-basis:75%\"><h2 class=\"wp-block-post-title\"><a href=\"https:\/\/codognan-tennisclub.fr\/index.php\/2024\/06\/02\/fin-du-tournoi-interne-2024\/\" target=\"_self\" >Fin du Tournoi Interne 2024<\/a><\/h2><\/div>\n<\/div>\n\n<\/li><li class=\"wp-block-post post-1361 post type-post status-publish format-standard has-post-thumbnail hentry category-evenements category-tournois-ctc category-tournois\">\n\n<div class=\"wp-block-columns are-vertically-aligned-center is-layout-flex wp-container-core-columns-is-layout-3 wp-block-columns-is-layout-flex\">\n<div class=\"wp-block-column is-vertically-aligned-center is-layout-flow wp-block-column-is-layout-flow\" style=\"flex-basis:25%\"><figure class=\"wp-block-post-featured-image\"><a href=\"https:\/\/codognan-tennisclub.fr\/index.php\/2024\/03\/24\/phases-finales-du-tournoi-interne\/\" target=\"_self\"  ><img loading=\"lazy\" decoding=\"async\" width=\"1809\" height=\"2560\" src=\"https:\/\/codognan-tennisclub.fr\/wp-content\/uploads\/2024\/03\/deimi-finales-scaled.jpg\" class=\"attachment-post-thumbnail size-post-thumbnail wp-post-image\" alt=\"Phases finales du Tournoi Interne\" style=\"object-fit:cover;\" srcset=\"https:\/\/codognan-tennisclub.fr\/wp-content\/uploads\/2024\/03\/deimi-finales-scaled.jpg 1809w, https:\/\/codognan-tennisclub.fr\/wp-content\/uploads\/2024\/03\/deimi-finales-212x300.jpg 212w, https:\/\/codognan-tennisclub.fr\/wp-content\/uploads\/2024\/03\/deimi-finales-724x1024.jpg 724w, https:\/\/codognan-tennisclub.fr\/wp-content\/uploads\/2024\/03\/deimi-finales-768x1087.jpg 768w, https:\/\/codognan-tennisclub.fr\/wp-content\/uploads\/2024\/03\/deimi-finales-1086x1536.jpg 1086w, https:\/\/codognan-tennisclub.fr\/wp-content\/uploads\/2024\/03\/deimi-finales-1447x2048.jpg 1447w\" sizes=\"auto, (max-width: 1809px) 100vw, 1809px\" \/><\/a><\/figure><\/div>\n\n\n\n<div class=\"wp-block-column is-vertically-aligned-center is-layout-flow wp-block-column-is-layout-flow\" style=\"flex-basis:75%\"><h2 class=\"wp-block-post-title\"><a href=\"https:\/\/codognan-tennisclub.fr\/index.php\/2024\/03\/24\/phases-finales-du-tournoi-interne\/\" target=\"_self\" >Phases finales du Tournoi Interne<\/a><\/h2><\/div>\n<\/div>\n\n<\/li><\/ul><\/div>\n","protected":false},"excerpt":{"rendered":"<p>Retrouvez ici les diff\u00e9rents tournois organis\u00e9s dans votre club pr\u00e9f\u00e9r\u00e9.<\/p>\n","protected":false},"author":1,"featured_media":0,"parent":77,"menu_order":1,"comment_status":"closed","ping_status":"closed","template":"","meta":{"_coblocks_attr":"","_coblocks_dimensions":"","_coblocks_responsive_height":"","_coblocks_accordion_ie_support":"","_uag_custom_page_level_css":"","ub_ctt_via":"","_monsterinsights_skip_tracking":false,"_monsterinsights_sitenote_active":false,"_monsterinsights_sitenote_note":"","_monsterinsights_sitenote_category":0,"footnotes":""},"class_list":["post-521","page","type-page","status-publish","hentry"],"blocksy_meta":[],"featured_image_src":null,"yoast_head":"<!-- This site is optimized with the Yoast SEO plugin v24.1 - https:\/\/yoast.com\/wordpress\/plugins\/seo\/ -->\n<title>Tournois du CTC - Site du Codognan Tennis Club<\/title>\n<meta name=\"robots\" content=\"index, follow, max-snippet:-1, max-image-preview:large, max-video-preview:-1\" \/>\n<link rel=\"canonical\" href=\"https:\/\/codognan-tennisclub.fr\/index.php\/competitions\/tournois-du-ctc\/\" \/>\n<meta property=\"og:locale\" content=\"fr_FR\" \/>\n<meta property=\"og:type\" content=\"article\" \/>\n<meta property=\"og:title\" content=\"Tournois du CTC - Site du Codognan Tennis Club\" \/>\n<meta property=\"og:description\" content=\"Retrouvez ici les diff\u00e9rents tournois organis\u00e9s dans votre club pr\u00e9f\u00e9r\u00e9.\" \/>\n<meta property=\"og:url\" content=\"https:\/\/codognan-tennisclub.fr\/index.php\/competitions\/tournois-du-ctc\/\" \/>\n<meta property=\"og:site_name\" content=\"Site du Codognan Tennis Club\" \/>\n<meta property=\"article:publisher\" content=\"https:\/\/www.facebook.com\/tennisclub.codognan\" \/>\n<meta property=\"article:modified_time\" content=\"2023-08-17T08:43:45+00:00\" \/>\n<meta property=\"og:image\" content=\"https:\/\/codognan-tennisclub.fr\/wp-content\/uploads\/2023\/08\/Logo-CTC-site.png\" \/>\n\t<meta property=\"og:image:width\" content=\"1200\" \/>\n\t<meta property=\"og:image:height\" content=\"675\" \/>\n\t<meta property=\"og:image:type\" content=\"image\/png\" \/>\n<meta name=\"twitter:card\" content=\"summary_large_image\" \/>\n<meta name=\"twitter:label1\" content=\"Dur\u00e9e de lecture estim\u00e9e\" \/>\n\t<meta name=\"twitter:data1\" content=\"1 minute\" \/>\n<script type=\"application\/ld+json\" class=\"yoast-schema-graph\">{\"@context\":\"https:\/\/schema.org\",\"@graph\":[{\"@type\":\"WebPage\",\"@id\":\"https:\/\/codognan-tennisclub.fr\/index.php\/competitions\/tournois-du-ctc\/\",\"url\":\"https:\/\/codognan-tennisclub.fr\/index.php\/competitions\/tournois-du-ctc\/\",\"name\":\"Tournois du CTC - Site du Codognan Tennis Club\",\"isPartOf\":{\"@id\":\"https:\/\/codognan-tennisclub.fr\/#website\"},\"datePublished\":\"2023-08-17T08:11:24+00:00\",\"dateModified\":\"2023-08-17T08:43:45+00:00\",\"breadcrumb\":{\"@id\":\"https:\/\/codognan-tennisclub.fr\/index.php\/competitions\/tournois-du-ctc\/#breadcrumb\"},\"inLanguage\":\"fr-FR\",\"potentialAction\":[{\"@type\":\"ReadAction\",\"target\":[\"https:\/\/codognan-tennisclub.fr\/index.php\/competitions\/tournois-du-ctc\/\"]}]},{\"@type\":\"BreadcrumbList\",\"@id\":\"https:\/\/codognan-tennisclub.fr\/index.php\/competitions\/tournois-du-ctc\/#breadcrumb\",\"itemListElement\":[{\"@type\":\"ListItem\",\"position\":1,\"name\":\"Accueil\",\"item\":\"https:\/\/codognan-tennisclub.fr\/\"},{\"@type\":\"ListItem\",\"position\":2,\"name\":\"Comp\u00e9titions\",\"item\":\"https:\/\/codognan-tennisclub.fr\/index.php\/competitions\/\"},{\"@type\":\"ListItem\",\"position\":3,\"name\":\"Tournois du CTC\"}]},{\"@type\":\"WebSite\",\"@id\":\"https:\/\/codognan-tennisclub.fr\/#website\",\"url\":\"https:\/\/codognan-tennisclub.fr\/\",\"name\":\"Site du Codognan Tennis Club\",\"description\":\"\",\"publisher\":{\"@id\":\"https:\/\/codognan-tennisclub.fr\/#organization\"},\"potentialAction\":[{\"@type\":\"SearchAction\",\"target\":{\"@type\":\"EntryPoint\",\"urlTemplate\":\"https:\/\/codognan-tennisclub.fr\/?s={search_term_string}\"},\"query-input\":{\"@type\":\"PropertyValueSpecification\",\"valueRequired\":true,\"valueName\":\"search_term_string\"}}],\"inLanguage\":\"fr-FR\"},{\"@type\":\"Organization\",\"@id\":\"https:\/\/codognan-tennisclub.fr\/#organization\",\"name\":\"Codognan Tennis Club\",\"url\":\"https:\/\/codognan-tennisclub.fr\/\",\"logo\":{\"@type\":\"ImageObject\",\"inLanguage\":\"fr-FR\",\"@id\":\"https:\/\/codognan-tennisclub.fr\/#\/schema\/logo\/image\/\",\"url\":\"https:\/\/codognan-tennisclub.fr\/wp-content\/uploads\/2022\/10\/Logo2-carre.jpg\",\"contentUrl\":\"https:\/\/codognan-tennisclub.fr\/wp-content\/uploads\/2022\/10\/Logo2-carre.jpg\",\"width\":1571,\"height\":1571,\"caption\":\"Codognan Tennis Club\"},\"image\":{\"@id\":\"https:\/\/codognan-tennisclub.fr\/#\/schema\/logo\/image\/\"},\"sameAs\":[\"https:\/\/www.facebook.com\/tennisclub.codognan\",\"https:\/\/www.instagram.com\/tennisclub_codognan\/?hl=fr\"]}]}<\/script>\n<!-- \/ Yoast SEO plugin. -->","yoast_head_json":{"title":"Tournois du CTC - Site du Codognan Tennis Club","robots":{"index":"index","follow":"follow","max-snippet":"max-snippet:-1","max-image-preview":"max-image-preview:large","max-video-preview":"max-video-preview:-1"},"canonical":"https:\/\/codognan-tennisclub.fr\/index.php\/competitions\/tournois-du-ctc\/","og_locale":"fr_FR","og_type":"article","og_title":"Tournois du CTC - Site du Codognan Tennis Club","og_description":"Retrouvez ici les diff\u00e9rents tournois organis\u00e9s dans votre club pr\u00e9f\u00e9r\u00e9.","og_url":"https:\/\/codognan-tennisclub.fr\/index.php\/competitions\/tournois-du-ctc\/","og_site_name":"Site du Codognan Tennis Club","article_publisher":"https:\/\/www.facebook.com\/tennisclub.codognan","article_modified_time":"2023-08-17T08:43:45+00:00","og_image":[{"width":1200,"height":675,"url":"https:\/\/codognan-tennisclub.fr\/wp-content\/uploads\/2023\/08\/Logo-CTC-site.png","type":"image\/png"}],"twitter_card":"summary_large_image","twitter_misc":{"Dur\u00e9e de lecture estim\u00e9e":"1 minute"},"schema":{"@context":"https:\/\/schema.org","@graph":[{"@type":"WebPage","@id":"https:\/\/codognan-tennisclub.fr\/index.php\/competitions\/tournois-du-ctc\/","url":"https:\/\/codognan-tennisclub.fr\/index.php\/competitions\/tournois-du-ctc\/","name":"Tournois du CTC - Site du Codognan Tennis Club","isPartOf":{"@id":"https:\/\/codognan-tennisclub.fr\/#website"},"datePublished":"2023-08-17T08:11:24+00:00","dateModified":"2023-08-17T08:43:45+00:00","breadcrumb":{"@id":"https:\/\/codognan-tennisclub.fr\/index.php\/competitions\/tournois-du-ctc\/#breadcrumb"},"inLanguage":"fr-FR","potentialAction":[{"@type":"ReadAction","target":["https:\/\/codognan-tennisclub.fr\/index.php\/competitions\/tournois-du-ctc\/"]}]},{"@type":"BreadcrumbList","@id":"https:\/\/codognan-tennisclub.fr\/index.php\/competitions\/tournois-du-ctc\/#breadcrumb","itemListElement":[{"@type":"ListItem","position":1,"name":"Accueil","item":"https:\/\/codognan-tennisclub.fr\/"},{"@type":"ListItem","position":2,"name":"Comp\u00e9titions","item":"https:\/\/codognan-tennisclub.fr\/index.php\/competitions\/"},{"@type":"ListItem","position":3,"name":"Tournois du CTC"}]},{"@type":"WebSite","@id":"https:\/\/codognan-tennisclub.fr\/#website","url":"https:\/\/codognan-tennisclub.fr\/","name":"Site du Codognan Tennis Club","description":"","publisher":{"@id":"https:\/\/codognan-tennisclub.fr\/#organization"},"potentialAction":[{"@type":"SearchAction","target":{"@type":"EntryPoint","urlTemplate":"https:\/\/codognan-tennisclub.fr\/?s={search_term_string}"},"query-input":{"@type":"PropertyValueSpecification","valueRequired":true,"valueName":"search_term_string"}}],"inLanguage":"fr-FR"},{"@type":"Organization","@id":"https:\/\/codognan-tennisclub.fr\/#organization","name":"Codognan Tennis Club","url":"https:\/\/codognan-tennisclub.fr\/","logo":{"@type":"ImageObject","inLanguage":"fr-FR","@id":"https:\/\/codognan-tennisclub.fr\/#\/schema\/logo\/image\/","url":"https:\/\/codognan-tennisclub.fr\/wp-content\/uploads\/2022\/10\/Logo2-carre.jpg","contentUrl":"https:\/\/codognan-tennisclub.fr\/wp-content\/uploads\/2022\/10\/Logo2-carre.jpg","width":1571,"height":1571,"caption":"Codognan Tennis Club"},"image":{"@id":"https:\/\/codognan-tennisclub.fr\/#\/schema\/logo\/image\/"},"sameAs":["https:\/\/www.facebook.com\/tennisclub.codognan","https:\/\/www.instagram.com\/tennisclub_codognan\/?hl=fr"]}]}},"uagb_featured_image_src":{"full":false,"thumbnail":false,"medium":false,"medium_large":false,"large":false,"1536x1536":false,"2048x2048":false},"uagb_author_info":{"display_name":"tennisclubcodognan","author_link":"https:\/\/codognan-tennisclub.fr\/index.php\/author\/tennisclubcodognan\/"},"uagb_comment_info":0,"uagb_excerpt":"Retrouvez ici les diff\u00e9rents tournois organis\u00e9s dans votre club pr\u00e9f\u00e9r\u00e9.","_links":{"self":[{"href":"https:\/\/codognan-tennisclub.fr\/index.php\/wp-json\/wp\/v2\/pages\/521","targetHints":{"allow":["GET"]}}],"collection":[{"href":"https:\/\/codognan-tennisclub.fr\/index.php\/wp-json\/wp\/v2\/pages"}],"about":[{"href":"https:\/\/codognan-tennisclub.fr\/index.php\/wp-json\/wp\/v2\/types\/page"}],"author":[{"embeddable":true,"href":"https:\/\/codognan-tennisclub.fr\/index.php\/wp-json\/wp\/v2\/users\/1"}],"replies":[{"embeddable":true,"href":"https:\/\/codognan-tennisclub.fr\/index.php\/wp-json\/wp\/v2\/comments?post=521"}],"version-history":[{"count":2,"href":"https:\/\/codognan-tennisclub.fr\/index.php\/wp-json\/wp\/v2\/pages\/521\/revisions"}],"predecessor-version":[{"id":760,"href":"https:\/\/codognan-tennisclub.fr\/index.php\/wp-json\/wp\/v2\/pages\/521\/revisions\/760"}],"up":[{"embeddable":true,"href":"https:\/\/codognan-tennisclub.fr\/index.php\/wp-json\/wp\/v2\/pages\/77"}],"wp:attachment":[{"href":"https:\/\/codognan-tennisclub.fr\/index.php\/wp-json\/wp\/v2\/media?parent=521"}],"curies":[{"name":"wp","href":"https:\/\/api.w.org\/{rel}","templated":true}]}}