{"id":90,"date":"2022-10-06T22:38:16","date_gmt":"2022-10-06T20:38:16","guid":{"rendered":"https:\/\/codognan-tennisclub-fr.preview-domain.com\/?page_id=90"},"modified":"2024-03-27T00:19:27","modified_gmt":"2024-03-26T22:19:27","slug":"inscription-licence","status":"publish","type":"page","link":"https:\/\/codognan-tennisclub.fr\/index.php\/inscription-licence\/","title":{"rendered":"Inscription \/ Licence"},"content":{"rendered":"<p style=\"font-size: 18px; line-height: 1.5; text-align: left; letter-spacing: -0.27px;\">Les formules propos\u00e9es comprennent l&rsquo;adh\u00e9sion au club ainsi que la licence FFT. Elles permettent d&rsquo;acc\u00e9der aux terrains, la possibilit\u00e9 de participer aux rencontres par \u00e9quipe ainsi qu&rsquo;aux diverses manifestations propos\u00e9es par le club tout au long de la saison.<\/p>\n<p>Les cours collectifs ne sont pas compris dans ces formules. Ils seront \u00e0 r\u00e9gler directement avec notre moniteur <strong>Jean-Fran\u00e7ois COULY<\/strong> joignable au <strong>06 95 25 56 60.<\/strong><\/p>\n<p style=\"font-size: 18px; line-height: 1.5; text-align: left; letter-spacing: -0.27px;\">Plusieurs possibilit\u00e9s d&rsquo;inscription:<\/p>\n<p style=\"font-size: 18px; line-height: 1.5; text-align: left; letter-spacing: -0.27px;\"><strong>1- Par Ten&rsquo;up avec paiement en ligne (application de la FFT, \u00e0 privil\u00e9gier si possible):<\/strong><\/p>\n<p>Connectez vous \u00e0 votre espace licenci\u00e9. Si vous (ou votre enfant) n&rsquo;avez pas de compte, vous pouvez en cr\u00e9er un en cliquant sur ce lien: <a href=\"https:\/\/tenup.fft.fr\/user\/register\">https:\/\/tenup.fft.fr\/user\/register<\/a><\/p>\n<ul>\n<li>Vous \u00e9tiez adh\u00e9rent du CTC en 2022-2023:<\/li>\n<\/ul>\n<p>Aller dans le menu \u00ab\u00a0Espace Club\u00a0\u00bb puis \u00ab\u00a0Les offres de mon club\u00a0\u00bb. <span style=\"font-size: revert; background-color: transparent; color: var(--color); font-family: var(--fontFamily); font-style: var(--fontStyle, inherit); font-weight: var(--fontWeight); letter-spacing: var(--letterSpacing); text-transform: var(--textTransform);\">S\u00e9lectionner la formule souhait\u00e9e puis suivre les \u00e9tapes jusqu&rsquo;au paiement via Helloasso.<\/span><\/p>\n<p>Un guide est disponible en cliquant sur ce lien: <a href=\"https:\/\/codognan-tennisclub.fr\/wp-content\/uploads\/2023\/08\/Guide-renouvellement-via-tenup-2024.pdf\" target=\"_blank\" rel=\"noopener\">Guide Ten&rsquo;up renouvellement CTC avec paiement en ligne<\/a><\/p>\n<ul>\n<li style=\"font-size: 18px; line-height: 1.5; letter-spacing: -0.27px;\">Pour les nouveaux adh\u00e9rents:<\/li>\n<\/ul>\n<p>Une fois votre compte cr\u00e9\u00e9, aller dans le menu \u00ab\u00a0Rechercher\u00a0\u00bb puis \u00ab\u00a0Un club\u00a0\u00bb et renseigner \u00ab\u00a0CODOGNAN\u00a0\u00bb. Aller ensuite dans \u00ab\u00a0Offres\u00a0\u00bb puis s\u00e9lectionner celle qui correspond. Suivez ensuite les \u00e9tapes pour effectuer le paiement en ligne.<\/p>\n<p>Un guide est \u00e9galement disponible en cliquant sur ce lien: <a href=\"https:\/\/codognan-tennisclub.fr\/wp-content\/uploads\/2023\/08\/Guide-nouvelle-inscription-via-tenup-2024.pdf\" target=\"_blank\" rel=\"noopener\">Guide Ten&rsquo;up nouveaux adh\u00e9rents CTC avec paiement en ligne<\/a><\/p>\n<p><strong>2- Compl\u00e9ter et signer le formulaire d&rsquo;inscription puis l&rsquo;envoyer par mail:<\/strong><\/p>\n<p>A l&rsquo;adresse <a href=\"mailto:tennisclubcodognan@gmail.com\">tennisclubcodognan@gmail.com<\/a> &#8211; Le formulaire est disponible en cliquant sur ce lien ou dans le menu \u00ab\u00a0Inscription \/ Licence\u00a0\u00bb &#8211; \u00ab\u00a0Documents d&rsquo;inscription\u00a0\u00bb.<\/p>\n<p style=\"font-size: 18px; line-height: 1.5; text-align: left; letter-spacing: -0.27px;\">\u00a0&#8211; Demande d\u2019inscription via Ten\u2019up ou formulaire d\u2019inscription (ci-dessous) compl\u00e9t\u00e9 et sign\u00e9 \u00e0 renvoyer par mail () ou aux permanences d&rsquo;inscription.<\/p>\n<p style=\"font-size: 18px; line-height: 1.5; text-align: left; letter-spacing: -0.27px;\"><strong>3- Compl\u00e9ter et signer le formulaire d&rsquo;inscription puis le remettre en main propre:<\/strong><\/p>\n<ul>\n<li>Sur notre stand, lors du forum des associations le <strong>samedi 2 septembre 2023 \u00e0 partir de 14h<\/strong>\u00a0 sur la place de la mairie de Codognan.<\/li>\n<li>Au club, pendant nos permanences d&rsquo;inscription qui se d\u00e9rouleront:\n<ul>\n<li style=\"list-style-type: none;\">\n<ul>\n<li><strong>Les mercredis 30\/08, 06\/09 et 13\/09 de 15h \u00e0 19h.<\/strong><\/li>\n<li><strong>Le samedi 09\/09 de 10h \u00e0 13h.<\/strong><\/li>\n<\/ul>\n<\/li>\n<\/ul>\n<\/li>\n<\/ul>\n<p style=\"font-size: 18px; line-height: 1.5; text-align: left; letter-spacing: -0.27px;\"><strong>&#8211; Pour les mineurs<\/strong> : Il est n\u00e9cessaire qu\u2019un questionnaire de sant\u00e9 (<a href=\"https:\/\/codognan-tennisclub.fr\/wp-content\/uploads\/2023\/08\/Questionnaire-de-sante-mineurs.pdf\" target=\"_blank\" rel=\"noopener\">disponible ici<\/a>) soit compl\u00e9t\u00e9 puis qu\u2019une attestation (<a href=\"https:\/\/codognan-tennisclub.fr\/wp-content\/uploads\/2023\/08\/Attestation-mineurs.pdf\" target=\"_blank\" rel=\"noopener\">disponible ici<\/a>) soit sign\u00e9 par un repr\u00e9sentant l\u00e9gal. Si au moins une r\u00e9ponse du questionnaire est positive, un certificat m\u00e9dical de moins de 6 mois est demand\u00e9. Possibilit\u00e9 de le renseigner sur Ten\u2019up rubrique \u00ab Mon Compte \u00bb puis \u00ab Certificat m\u00e9dical \u00bb.<\/p>\n<p style=\"font-size: 18px; line-height: 1.5; text-align: left; letter-spacing: -0.27px;\"><strong>&#8211; R\u00e8glements accept\u00e9s :<\/strong> Carte bancaire, Ch\u00e8que (ordre Codognan Tennis Club), esp\u00e8ces, ch\u00e8ques \u00a0vacances, coupons sport, Pass&rsquo;Sport ou en ligne via Ten&rsquo;up et HelloAsso.<\/p>\n","protected":false},"excerpt":{"rendered":"<p>Les formules propos\u00e9es comprennent l&rsquo;adh\u00e9sion au club ainsi que la licence FFT. Elles permettent d&rsquo;acc\u00e9der aux terrains, la possibilit\u00e9 de participer aux rencontres par \u00e9quipe ainsi qu&rsquo;aux diverses manifestations propos\u00e9es par le club tout au long de la saison. Les cours collectifs ne sont pas compris dans ces formules. Ils seront \u00e0 r\u00e9gler directement avec [&hellip;]<\/p>\n","protected":false},"author":1,"featured_media":0,"parent":0,"menu_order":3,"comment_status":"closed","ping_status":"closed","template":"","meta":{"_coblocks_attr":"","_coblocks_dimensions":"","_coblocks_responsive_height":"","_coblocks_accordion_ie_support":"","_uag_custom_page_level_css":"","ub_ctt_via":"","_monsterinsights_skip_tracking":false,"_monsterinsights_sitenote_active":false,"_monsterinsights_sitenote_note":"","_monsterinsights_sitenote_category":0,"footnotes":""},"class_list":["post-90","page","type-page","status-publish","hentry"],"blocksy_meta":{"styles_descriptor":{"styles":{"desktop":"","tablet":"","mobile":""},"google_fonts":[],"version":6}},"featured_image_src":null,"yoast_head":"<!-- This site is optimized with the Yoast SEO plugin v24.1 - https:\/\/yoast.com\/wordpress\/plugins\/seo\/ -->\n<title>Inscription \/ Licence - Site du Codognan Tennis Club<\/title>\n<meta name=\"robots\" content=\"index, follow, max-snippet:-1, max-image-preview:large, max-video-preview:-1\" \/>\n<link rel=\"canonical\" href=\"https:\/\/codognan-tennisclub.fr\/index.php\/inscription-licence\/\" \/>\n<meta property=\"og:locale\" content=\"fr_FR\" \/>\n<meta property=\"og:type\" content=\"article\" \/>\n<meta property=\"og:title\" content=\"Inscription \/ Licence - Site du Codognan Tennis Club\" \/>\n<meta property=\"og:description\" content=\"Les formules propos\u00e9es comprennent l&rsquo;adh\u00e9sion au club ainsi que la licence FFT. Elles permettent d&rsquo;acc\u00e9der aux terrains, la possibilit\u00e9 de participer aux rencontres par \u00e9quipe ainsi qu&rsquo;aux diverses manifestations propos\u00e9es par le club tout au long de la saison. Les cours collectifs ne sont pas compris dans ces formules. Ils seront \u00e0 r\u00e9gler directement avec [&hellip;]\" \/>\n<meta property=\"og:url\" content=\"https:\/\/codognan-tennisclub.fr\/index.php\/inscription-licence\/\" \/>\n<meta property=\"og:site_name\" content=\"Site du Codognan Tennis Club\" \/>\n<meta property=\"article:publisher\" content=\"https:\/\/www.facebook.com\/tennisclub.codognan\" \/>\n<meta property=\"article:modified_time\" content=\"2024-03-26T22:19:27+00:00\" \/>\n<meta property=\"og:image\" content=\"https:\/\/codognan-tennisclub.fr\/wp-content\/uploads\/2023\/08\/Logo-CTC-site.png\" \/>\n\t<meta property=\"og:image:width\" content=\"1200\" \/>\n\t<meta property=\"og:image:height\" content=\"675\" \/>\n\t<meta property=\"og:image:type\" content=\"image\/png\" \/>\n<meta name=\"twitter:card\" content=\"summary_large_image\" \/>\n<meta name=\"twitter:label1\" content=\"Dur\u00e9e de lecture estim\u00e9e\" \/>\n\t<meta name=\"twitter:data1\" content=\"3 minutes\" \/>\n<script type=\"application\/ld+json\" class=\"yoast-schema-graph\">{\"@context\":\"https:\/\/schema.org\",\"@graph\":[{\"@type\":\"WebPage\",\"@id\":\"https:\/\/codognan-tennisclub.fr\/index.php\/inscription-licence\/\",\"url\":\"https:\/\/codognan-tennisclub.fr\/index.php\/inscription-licence\/\",\"name\":\"Inscription \/ Licence - Site du Codognan Tennis Club\",\"isPartOf\":{\"@id\":\"https:\/\/codognan-tennisclub.fr\/#website\"},\"datePublished\":\"2022-10-06T20:38:16+00:00\",\"dateModified\":\"2024-03-26T22:19:27+00:00\",\"breadcrumb\":{\"@id\":\"https:\/\/codognan-tennisclub.fr\/index.php\/inscription-licence\/#breadcrumb\"},\"inLanguage\":\"fr-FR\",\"potentialAction\":[{\"@type\":\"ReadAction\",\"target\":[\"https:\/\/codognan-tennisclub.fr\/index.php\/inscription-licence\/\"]}]},{\"@type\":\"BreadcrumbList\",\"@id\":\"https:\/\/codognan-tennisclub.fr\/index.php\/inscription-licence\/#breadcrumb\",\"itemListElement\":[{\"@type\":\"ListItem\",\"position\":1,\"name\":\"Accueil\",\"item\":\"https:\/\/codognan-tennisclub.fr\/\"},{\"@type\":\"ListItem\",\"position\":2,\"name\":\"Inscription \/ Licence\"}]},{\"@type\":\"WebSite\",\"@id\":\"https:\/\/codognan-tennisclub.fr\/#website\",\"url\":\"https:\/\/codognan-tennisclub.fr\/\",\"name\":\"Site du Codognan Tennis Club\",\"description\":\"\",\"publisher\":{\"@id\":\"https:\/\/codognan-tennisclub.fr\/#organization\"},\"potentialAction\":[{\"@type\":\"SearchAction\",\"target\":{\"@type\":\"EntryPoint\",\"urlTemplate\":\"https:\/\/codognan-tennisclub.fr\/?s={search_term_string}\"},\"query-input\":{\"@type\":\"PropertyValueSpecification\",\"valueRequired\":true,\"valueName\":\"search_term_string\"}}],\"inLanguage\":\"fr-FR\"},{\"@type\":\"Organization\",\"@id\":\"https:\/\/codognan-tennisclub.fr\/#organization\",\"name\":\"Codognan Tennis Club\",\"url\":\"https:\/\/codognan-tennisclub.fr\/\",\"logo\":{\"@type\":\"ImageObject\",\"inLanguage\":\"fr-FR\",\"@id\":\"https:\/\/codognan-tennisclub.fr\/#\/schema\/logo\/image\/\",\"url\":\"https:\/\/codognan-tennisclub.fr\/wp-content\/uploads\/2022\/10\/Logo2-carre.jpg\",\"contentUrl\":\"https:\/\/codognan-tennisclub.fr\/wp-content\/uploads\/2022\/10\/Logo2-carre.jpg\",\"width\":1571,\"height\":1571,\"caption\":\"Codognan Tennis Club\"},\"image\":{\"@id\":\"https:\/\/codognan-tennisclub.fr\/#\/schema\/logo\/image\/\"},\"sameAs\":[\"https:\/\/www.facebook.com\/tennisclub.codognan\",\"https:\/\/www.instagram.com\/tennisclub_codognan\/?hl=fr\"]}]}<\/script>\n<!-- \/ Yoast SEO plugin. -->","yoast_head_json":{"title":"Inscription \/ Licence - Site du Codognan Tennis Club","robots":{"index":"index","follow":"follow","max-snippet":"max-snippet:-1","max-image-preview":"max-image-preview:large","max-video-preview":"max-video-preview:-1"},"canonical":"https:\/\/codognan-tennisclub.fr\/index.php\/inscription-licence\/","og_locale":"fr_FR","og_type":"article","og_title":"Inscription \/ Licence - Site du Codognan Tennis Club","og_description":"Les formules propos\u00e9es comprennent l&rsquo;adh\u00e9sion au club ainsi que la licence FFT. Elles permettent d&rsquo;acc\u00e9der aux terrains, la possibilit\u00e9 de participer aux rencontres par \u00e9quipe ainsi qu&rsquo;aux diverses manifestations propos\u00e9es par le club tout au long de la saison. Les cours collectifs ne sont pas compris dans ces formules. Ils seront \u00e0 r\u00e9gler directement avec [&hellip;]","og_url":"https:\/\/codognan-tennisclub.fr\/index.php\/inscription-licence\/","og_site_name":"Site du Codognan Tennis Club","article_publisher":"https:\/\/www.facebook.com\/tennisclub.codognan","article_modified_time":"2024-03-26T22:19:27+00:00","og_image":[{"width":1200,"height":675,"url":"https:\/\/codognan-tennisclub.fr\/wp-content\/uploads\/2023\/08\/Logo-CTC-site.png","type":"image\/png"}],"twitter_card":"summary_large_image","twitter_misc":{"Dur\u00e9e de lecture estim\u00e9e":"3 minutes"},"schema":{"@context":"https:\/\/schema.org","@graph":[{"@type":"WebPage","@id":"https:\/\/codognan-tennisclub.fr\/index.php\/inscription-licence\/","url":"https:\/\/codognan-tennisclub.fr\/index.php\/inscription-licence\/","name":"Inscription \/ Licence - Site du Codognan Tennis Club","isPartOf":{"@id":"https:\/\/codognan-tennisclub.fr\/#website"},"datePublished":"2022-10-06T20:38:16+00:00","dateModified":"2024-03-26T22:19:27+00:00","breadcrumb":{"@id":"https:\/\/codognan-tennisclub.fr\/index.php\/inscription-licence\/#breadcrumb"},"inLanguage":"fr-FR","potentialAction":[{"@type":"ReadAction","target":["https:\/\/codognan-tennisclub.fr\/index.php\/inscription-licence\/"]}]},{"@type":"BreadcrumbList","@id":"https:\/\/codognan-tennisclub.fr\/index.php\/inscription-licence\/#breadcrumb","itemListElement":[{"@type":"ListItem","position":1,"name":"Accueil","item":"https:\/\/codognan-tennisclub.fr\/"},{"@type":"ListItem","position":2,"name":"Inscription \/ Licence"}]},{"@type":"WebSite","@id":"https:\/\/codognan-tennisclub.fr\/#website","url":"https:\/\/codognan-tennisclub.fr\/","name":"Site du Codognan Tennis Club","description":"","publisher":{"@id":"https:\/\/codognan-tennisclub.fr\/#organization"},"potentialAction":[{"@type":"SearchAction","target":{"@type":"EntryPoint","urlTemplate":"https:\/\/codognan-tennisclub.fr\/?s={search_term_string}"},"query-input":{"@type":"PropertyValueSpecification","valueRequired":true,"valueName":"search_term_string"}}],"inLanguage":"fr-FR"},{"@type":"Organization","@id":"https:\/\/codognan-tennisclub.fr\/#organization","name":"Codognan Tennis Club","url":"https:\/\/codognan-tennisclub.fr\/","logo":{"@type":"ImageObject","inLanguage":"fr-FR","@id":"https:\/\/codognan-tennisclub.fr\/#\/schema\/logo\/image\/","url":"https:\/\/codognan-tennisclub.fr\/wp-content\/uploads\/2022\/10\/Logo2-carre.jpg","contentUrl":"https:\/\/codognan-tennisclub.fr\/wp-content\/uploads\/2022\/10\/Logo2-carre.jpg","width":1571,"height":1571,"caption":"Codognan Tennis Club"},"image":{"@id":"https:\/\/codognan-tennisclub.fr\/#\/schema\/logo\/image\/"},"sameAs":["https:\/\/www.facebook.com\/tennisclub.codognan","https:\/\/www.instagram.com\/tennisclub_codognan\/?hl=fr"]}]}},"uagb_featured_image_src":{"full":false,"thumbnail":false,"medium":false,"medium_large":false,"large":false,"1536x1536":false,"2048x2048":false},"uagb_author_info":{"display_name":"tennisclubcodognan","author_link":"https:\/\/codognan-tennisclub.fr\/index.php\/author\/tennisclubcodognan\/"},"uagb_comment_info":0,"uagb_excerpt":"Les formules propos\u00e9es comprennent l&rsquo;adh\u00e9sion au club ainsi que la licence FFT. Elles permettent d&rsquo;acc\u00e9der aux terrains, la possibilit\u00e9 de participer aux rencontres par \u00e9quipe ainsi qu&rsquo;aux diverses manifestations propos\u00e9es par le club tout au long de la saison. Les cours collectifs ne sont pas compris dans ces formules. Ils seront \u00e0 r\u00e9gler directement avec\u2026","_links":{"self":[{"href":"https:\/\/codognan-tennisclub.fr\/index.php\/wp-json\/wp\/v2\/pages\/90","targetHints":{"allow":["GET"]}}],"collection":[{"href":"https:\/\/codognan-tennisclub.fr\/index.php\/wp-json\/wp\/v2\/pages"}],"about":[{"href":"https:\/\/codognan-tennisclub.fr\/index.php\/wp-json\/wp\/v2\/types\/page"}],"author":[{"embeddable":true,"href":"https:\/\/codognan-tennisclub.fr\/index.php\/wp-json\/wp\/v2\/users\/1"}],"replies":[{"embeddable":true,"href":"https:\/\/codognan-tennisclub.fr\/index.php\/wp-json\/wp\/v2\/comments?post=90"}],"version-history":[{"count":36,"href":"https:\/\/codognan-tennisclub.fr\/index.php\/wp-json\/wp\/v2\/pages\/90\/revisions"}],"predecessor-version":[{"id":1367,"href":"https:\/\/codognan-tennisclub.fr\/index.php\/wp-json\/wp\/v2\/pages\/90\/revisions\/1367"}],"wp:attachment":[{"href":"https:\/\/codognan-tennisclub.fr\/index.php\/wp-json\/wp\/v2\/media?parent=90"}],"curies":[{"name":"wp","href":"https:\/\/api.w.org\/{rel}","templated":true}]}}